{"id":10933,"date":"2022-08-30T09:38:53","date_gmt":"2022-08-30T12:38:53","guid":{"rendered":"http:\/\/www.funceme.br\/?page_id=10933"},"modified":"2025-03-06T09:35:54","modified_gmt":"2025-03-06T12:35:54","slug":"projeto-swot","status":"publish","type":"page","link":"http:\/\/www.funceme.br\/?page_id=10933","title":{"rendered":"PROJETO SWOT"},"content":{"rendered":"<p><img decoding=\"async\" src=\"http:\/\/www.funceme.br\/wp-content\/uploads\/2022\/08\/projeto_swot.png\" alt=\"Projeto SWOT\" \/><\/p>\n<p>O objetivo deste projeto ser\u00e1, portanto, concentrar os esfor\u00e7os na consolida\u00e7\u00e3o de uma base dados dos reservat\u00f3rios cearenses, que combine o levantamento em campo e a potencialidade dos sensores orbitais, na produ\u00e7\u00e3o de informa\u00e7\u00f5es consistentes desses corpos d\u2019\u00e1gua superficiais, principalmente da pequena a\u00e7udagem, que possam subsidiar a implementa\u00e7\u00e3o de um sistema de monitoramento remoto no Cear\u00e1 e servir de contrapartida para a miss\u00e3o SWOT.<\/p>\n<p>&nbsp;<\/p>\n<p>Para mais informa\u00e7\u00f5es acesse o <strong><a href=\"http:\/\/www.funceme.br\/wp-content\/uploads\/2022\/09\/projeto_swot_20220914.pdf\" target=\"_blank\" rel=\"noopener noreferrer\"><u>Projeto SWOT completo<\/u><\/a>.<\/strong><\/p>\n","protected":false},"excerpt":{"rendered":"<p>O objetivo deste projeto ser\u00e1, portanto, concentrar os esfor\u00e7os na consolida\u00e7\u00e3o de uma base dados dos reservat\u00f3rios cearenses, que combine o levantamento em campo e a potencialidade dos sensores orbitais, na produ\u00e7\u00e3o de informa\u00e7\u00f5es consistentes desses corpos d\u2019\u00e1gua superficiais, principalmente da pequena a\u00e7udagem, que possam subsidiar a implementa\u00e7\u00e3o de um sistema de monitoramento remoto no [&hellip;]<\/p>\n","protected":false},"author":1,"featured_media":0,"parent":0,"menu_order":0,"comment_status":"closed","ping_status":"closed","template":"","meta":[],"acf":[],"_links":{"self":[{"href":"http:\/\/www.funceme.br\/index.php?rest_route=\/wp\/v2\/pages\/10933"}],"collection":[{"href":"http:\/\/www.funceme.br\/index.php?rest_route=\/wp\/v2\/pages"}],"about":[{"href":"http:\/\/www.funceme.br\/index.php?rest_route=\/wp\/v2\/types\/page"}],"author":[{"embeddable":true,"href":"http:\/\/www.funceme.br\/index.php?rest_route=\/wp\/v2\/users\/1"}],"replies":[{"embeddable":true,"href":"http:\/\/www.funceme.br\/index.php?rest_route=%2Fwp%2Fv2%2Fcomments&post=10933"}],"version-history":[{"count":4,"href":"http:\/\/www.funceme.br\/index.php?rest_route=\/wp\/v2\/pages\/10933\/revisions"}],"predecessor-version":[{"id":13745,"href":"http:\/\/www.funceme.br\/index.php?rest_route=\/wp\/v2\/pages\/10933\/revisions\/13745"}],"wp:attachment":[{"href":"http:\/\/www.funceme.br\/index.php?rest_route=%2Fwp%2Fv2%2Fmedia&parent=10933"}],"curies":[{"name":"wp","href":"https:\/\/api.w.org\/{rel}","templated":true}]}}