{"id":11034,"date":"2022-11-03T15:11:03","date_gmt":"2022-11-03T18:11:03","guid":{"rendered":"http:\/\/www.funceme.br\/?page_id=11034"},"modified":"2026-03-17T11:48:47","modified_gmt":"2026-03-17T14:48:47","slug":"comissao-setorial-de-etica-publica","status":"publish","type":"page","link":"http:\/\/www.funceme.br\/?page_id=11034","title":{"rendered":"Comiss\u00e3o Setorial de \u00c9tica P\u00fablica (Decretos)"},"content":{"rendered":"<p><strong><span style=\"color: #fc6836;font-size: 0.8em\">COMISS\u00c3O SETORIAL DE \u00c9TICA P\u00daBLICA<\/span><\/strong><\/p>\n<h2><strong>Decretos<\/strong><\/h2>\n<p>&nbsp;<\/p>\n<section class=\" ListaMateriais  row\">\n<div class=\"Card  Informativo  BgBranco  row\">\n<div class=\"icon\">\n                    <img decoding=\"async\" src=\"http:\/\/www.funceme.br\/wp-content\/themes\/ceara2021\/assets\/images\/icon-clipes.png\" alt=\"\u00cdcone\">                <\/div>\n<div class=\"tl-10  principal\">\n                    <small class=\"data\"> SISTEMA DE \u00c9TICA E TRANSPAR\u00caNCIA DO PODER EXECUTIVO ESTADUAL<\/small><\/p>\n<p> Decreto n\u00ba 29.887\/2009 <\/p>\n<\/p><\/div>\n<div class=\"action\"><a href=\"#\"><br \/>\n                    <\/a><a class=\"baixar  ico-download\" href=\"http:\/\/www.funceme.br\/wp-content\/uploads\/2026\/02\/Dec.-29.887-2009-Sistema-de-etica-e-Transparencia-doe.pdf\">Download pdf<\/a>\n                <\/div>\n<\/p><\/div>\n<div class=\"Card  Informativo  BgBranco  row\">\n<div class=\"icon\">\n                    <img decoding=\"async\" src=\"http:\/\/www.funceme.br\/wp-content\/themes\/ceara2021\/assets\/images\/icon-clipes.png\" alt=\"\u00cdcone\">                <\/div>\n<div class=\"tl-10  principal\">\n                    <small class=\"data\"> C\u00d3DIGO DE \u00c9TICA E CONDUTA DA ADMINISTRA\u00c7\u00c3O P\u00daBLICA ESTADUAL<\/small><\/p>\n<p> Decreto n\u00ba 31.198\/2013 <\/p>\n<\/p><\/div>\n<div class=\"action\"><a href=\"#\"><br \/>\n                    <\/a><a class=\"baixar  ico-download\" href=\"http:\/\/www.funceme.br\/wp-content\/uploads\/2022\/11\/Dec.-31.198-2013-C%C3%B3digo-de-%C3%89tica-doe-1.pdf\">Download pdf<\/a>\n                <\/div>\n<\/p><\/div>\n<hr>\n<\/section>\n","protected":false},"excerpt":{"rendered":"<p>COMISS\u00c3O SETORIAL DE \u00c9TICA P\u00daBLICA Decretos &nbsp; SISTEMA DE \u00c9TICA E TRANSPAR\u00caNCIA DO PODER EXECUTIVO ESTADUAL Decreto n\u00ba 29.887\/2009 Download pdf C\u00d3DIGO DE \u00c9TICA E CONDUTA DA ADMINISTRA\u00c7\u00c3O P\u00daBLICA ESTADUAL Decreto n\u00ba 31.198\/2013 Download pdf<\/p>\n","protected":false},"author":1,"featured_media":0,"parent":0,"menu_order":0,"comment_status":"closed","ping_status":"closed","template":"","meta":[],"acf":[],"_links":{"self":[{"href":"http:\/\/www.funceme.br\/index.php?rest_route=\/wp\/v2\/pages\/11034"}],"collection":[{"href":"http:\/\/www.funceme.br\/index.php?rest_route=\/wp\/v2\/pages"}],"about":[{"href":"http:\/\/www.funceme.br\/index.php?rest_route=\/wp\/v2\/types\/page"}],"author":[{"embeddable":true,"href":"http:\/\/www.funceme.br\/index.php?rest_route=\/wp\/v2\/users\/1"}],"replies":[{"embeddable":true,"href":"http:\/\/www.funceme.br\/index.php?rest_route=%2Fwp%2Fv2%2Fcomments&post=11034"}],"version-history":[{"count":7,"href":"http:\/\/www.funceme.br\/index.php?rest_route=\/wp\/v2\/pages\/11034\/revisions"}],"predecessor-version":[{"id":14860,"href":"http:\/\/www.funceme.br\/index.php?rest_route=\/wp\/v2\/pages\/11034\/revisions\/14860"}],"wp:attachment":[{"href":"http:\/\/www.funceme.br\/index.php?rest_route=%2Fwp%2Fv2%2Fmedia&parent=11034"}],"curies":[{"name":"wp","href":"https:\/\/api.w.org\/{rel}","templated":true}]}}