{"id":11473,"date":"2023-03-14T11:31:16","date_gmt":"2023-03-14T14:31:16","guid":{"rendered":"http:\/\/www.funceme.br\/?page_id=11473"},"modified":"2026-03-05T11:56:08","modified_gmt":"2026-03-05T14:56:08","slug":"paineis-interativos","status":"publish","type":"page","link":"http:\/\/www.funceme.br\/?page_id=11473","title":{"rendered":"DASHBOARDS"},"content":{"rendered":"<style>\n<p>    @media only screen and (max-width: 768px) {\n      .container {\n    flex-wrap: wrap;\n      }<\/p>\n<p>      .box {\n      width: 100%;\n      text-align: center;<\/p>\n<p>    }\n    <\/style>\n<div class=\"Card  Calendario  BgVerde  row\">\n<div class=\"dt-9\">\n<h3><b>DASHBOARDS<\/b><\/h3>\n<\/p><\/div>\n<\/p><\/div>\n<div>\n<div style=\"padding: 50px 0 10px;text-align: center;\">\n<h2>PREVIS\u00c3O DE TEMPO E CLIMA<\/h2>\n<\/div>\n<div class=\"container\" style=\"display: flex;flex-wrap: wrap;    justify-content: center;text-align: center;\" class=\"dt-12 row\">\n<div class=\"box\" style=\"text-align: center; padding: 0 15px; \">\n<ul class=\"ListaEst\">\n<li style=\"margin-bottom: -30px\"><a style=\"line-height: 17px; \" href=\"http:\/\/pnt.funceme.br\/\" target=\"_blank\" rel=\"noopener noreferrer\"> Previs\u00e3o Num\u00e9rica<br \/> de Tempo <\/a><\/li>\n<\/ul>\n<p>            <a href=\"http:\/\/pnt.funceme.br\/\" target=\"_blank\" rel=\"noopener noreferrer\"><br \/>\n            <img decoding=\"async\" style=\"height: 270px;\" src=\"http:\/\/www.funceme.br\/wp-content\/uploads\/2023\/03\/previsao_numerica_tempo.png\" alt=\"previsao\" srcset=\"\"> <\/a><\/div>\n<div class=\"box\" style=\"text-align: center; padding: 0 15px;\">\n<ul class=\"ListaEst\">\n<li style=\"margin-bottom: -30px;\"><a style=\"line-height: 17px; \" href=\"http:\/\/subsaz-forecast.funceme.br\/\" target=\"_blank\" rel=\"noopener noreferrer\"> Previs\u00e3o<br \/> Subsazonal <\/a><\/li>\n<\/ul>\n<p>            <a href=\"http:\/\/subsaz-forecast.funceme.br\/\" target=\"_blank\" rel=\"noopener noreferrer\"><br \/>\n            <img decoding=\"async\" style=\"height: 270px;\" src=\"http:\/\/www.funceme.br\/wp-content\/uploads\/2023\/03\/previsao_subsazonal.png\" alt=\"previsao\" srcset=\"\"> <\/a><\/div>\n<div class=\"box\" style=\"text-align: center; padding: 0 15px;\">\n<ul class=\"ListaEst\">\n<li style=\"margin-bottom: -30px;\"><a style=\"line-height: 17px; \" href=\"http:\/\/climate-forecast.funceme.br\/\" target=\"_blank\" rel=\"noopener noreferrer\"> Previs\u00e3o<br \/> Clim\u00e1tica <\/a><\/li>\n<\/ul>\n<p>            <a href=\"http:\/\/climate-forecast.funceme.br\/\" target=\"_blank\" rel=\"noopener noreferrer\"><br \/>\n            <img decoding=\"async\" style=\"height: 270px;\" src=\"http:\/\/www.funceme.br\/wp-content\/uploads\/2023\/03\/previsao_climatica.png\" alt=\"previsao\" srcset=\"\"> <\/a><\/div>\n<\/p><\/div>\n<div style=\"padding: 50px 0 10px;text-align: center;\">\n<h2>MONITORAMENTO ATMOSF\u00c9RICO<\/h2>\n<\/div>\n<div class=\"container\" style=\"display: flex;flex-wrap: wrap;    justify-content: center;text-align: center;\">\n<div class=\"box\" style=\"text-align: center;padding: 0 15px;\">\n<ul class=\"ListaEst\">\n<li style=\"margin-bottom: -30px;\"><a style=\"line-height: 17px; \" href=\"http:\/\/atmos-monit.funceme.br\/\" target=\"_blank\" rel=\"noopener noreferrer\"> Monitoramento<br \/> Atmosf\u00e9rico <\/a><\/li>\n<\/ul>\n<p>            <a href=\"http:\/\/atmos-monit.funceme.br\/\" target=\"_blank\" rel=\"noopener noreferrer\"><br \/>\n            <img decoding=\"async\" style=\"height: 270px;\" src=\"http:\/\/www.funceme.br\/wp-content\/uploads\/2023\/03\/monitoramento_atmosferico.png\" alt=\"previsao\" srcset=\"\"><br \/>\n            <\/a>\n        <\/div>\n<div class=\"box\" style=\"text-align: center;padding: 0 15px;\">\n<ul class=\"ListaEst\">\n<li style=\"margin-bottom: -30px;\"><a style=\"line-height: 17px; \" href=\"http:\/\/precip-monit.funceme.br\/\" target=\"_blank\" rel=\"noopener noreferrer\"> Monitoramento<br \/> de Precipita\u00e7\u00e3o <\/a><\/li>\n<\/ul>\n<p>            <a href=\"http:\/\/precip-monit.funceme.br\/\" target=\"_blank\" rel=\"noopener noreferrer\"><br \/>\n            <img decoding=\"async\" style=\"height: 270px;\" src=\"http:\/\/www.funceme.br\/wp-content\/uploads\/2023\/03\/monitoramento_precipitacao.png\" alt=\"previsao\" srcset=\"\"><br \/>\n            <\/a>\n        <\/div>\n<div class=\"box\" style=\"text-align: center;padding: 0 15px;\">\n<ul class=\"ListaEst\">\n<li style=\"margin-bottom: -30px;\"><a style=\"line-height: 17px; \" href=\"http:\/\/precip-analysis.funceme.br\/\" target=\"_blank\" rel=\"noopener noreferrer\"> An\u00e1lise<br \/> de Precipita\u00e7\u00e3o <\/a><\/li>\n<\/ul>\n<p>            <a href=\"http:\/\/precip-analysis.funceme.br\/\" target=\"_blank\" rel=\"noopener noreferrer\"><br \/>\n            <img decoding=\"async\" style=\"height: 270px;\" src=\"http:\/\/www.funceme.br\/wp-content\/uploads\/2023\/03\/analise_precipitacao.png\" alt=\"previsao\" srcset=\"\"><br \/>\n            <\/a>\n        <\/div>\n<p><!-- \n\n<div class=\"box\" style=\"text-align: center;padding: 0 15px;\">\n  \n\n<ul class=\"ListaEst\">\n      \n\n<li style=\"margin-bottom: -30px;\"><a style=\"line-height: 17px; \" href=\"http:\/\/download-precipmedia.funceme.br\/\" target=\"_blank\" rel=\"noopener noreferrer\"> Download de dados <br \/>de Precipita\u00e7\u00e3o M\u00e9dia <\/a><\/li>\n\n\n  <\/ul>\n\n\n  <a href=\"http:\/\/download-precipmedia.funceme.br\/\" target=\"_blank\" rel=\"noopener noreferrer\">\n  <img decoding=\"async\" style=\"height: 270px;\" src=\"http:\/\/www.funceme.br\/wp-content\/uploads\/2023\/03\/download_precipitacao_media.png\" alt=\"previsao\" srcset=\"\"> \n  <\/a>\n<\/div>\n\n--><\/p>\n<\/div>\n<div style=\"padding: 50px 0 10px;text-align: center;\">\n<h2>MONITORAMENTO OCE\u00c2NICO<\/h2>\n<\/div>\n<div class=\"container\" style=\"display: flex;flex-wrap: wrap;    justify-content: center;text-align: center;\">\n<div class=\"box\" style=\"text-align: center; padding: 0 15px;\">\n<ul class=\"ListaEst\">\n<li style=\"margin-bottom: -30px;\"><a style=\"line-height: 17px; \" href=\"http:\/\/ocean-monit.funceme.br\/\" target=\"_blank\" rel=\"noopener noreferrer\"> Monitoramento<br \/> Oce\u00e2nico <\/a><\/li>\n<\/ul>\n<p>            <a href=\"http:\/\/ocean-monit.funceme.br\/\" target=\"_blank\" rel=\"noopener noreferrer\"><br \/>\n            <img decoding=\"async\" style=\"height: 270px;\" src=\"http:\/\/www.funceme.br\/wp-content\/uploads\/2023\/03\/monitoramento_oceanico.png\" alt=\"previsao\" srcset=\"\"><br \/>\n            <\/a>\n        <\/div>\n<div class=\"box\" style=\"text-align: center; padding: 0 15px;\">\n<ul class=\"ListaEst\">\n<li style=\"margin-bottom: -30px;\"><a style=\"line-height: 17px; \" href=\"https:\/\/pirata.funceme.br\/\" target=\"_blank\" rel=\"noopener noreferrer\"> Projeto<br \/> Pirata <\/a><\/li>\n<\/ul>\n<p>            <a href=\"https:\/\/pirata.funceme.br\/\" target=\"_blank\" rel=\"noopener noreferrer\"><br \/>\n            <img decoding=\"async\" style=\"height: 270px;\" src=\"http:\/\/www.funceme.br\/wp-content\/uploads\/2023\/03\/projeto_pirata.png\" alt=\"previsao\" srcset=\"\"><br \/>\n            <\/a>\n        <\/div>\n<div style=\"margin-top:40px;\">\n<h2>Parcerias<\/h2>\n<div style=\"display:flex; gap:30px; flex-wrap:wrap; align-items:center;\">\n<div style=\"text-align:center;\">\n            <a href=\"https:\/\/www.funcap.ce.gov.br\/\" target=\"_blank\" rel=\"noopener\"><br \/>\n                <img decoding=\"async\" src=\"http:\/\/www.funceme.br\/wp-content\/uploads\/2026\/03\/funcap.png\" \n                     alt=\"FUNCAP\" \n                     style=\"max-height:80px;\"><br \/>\n            <\/a><\/p>\n<p>FUNCAP &#8211; Programa Cientista Chefe em Recursos H\u00eddricos <\/p>\n<\/p><\/div>\n<\/p><\/div>\n<\/div><\/div>\n<\/div>\n","protected":false},"excerpt":{"rendered":"<p>DASHBOARDS PREVIS\u00c3O DE TEMPO E CLIMA Previs\u00e3o Num\u00e9rica de Tempo Previs\u00e3o Subsazonal Previs\u00e3o Clim\u00e1tica MONITORAMENTO ATMOSF\u00c9RICO Monitoramento Atmosf\u00e9rico Monitoramento de Precipita\u00e7\u00e3o An\u00e1lise de Precipita\u00e7\u00e3o MONITORAMENTO OCE\u00c2NICO Monitoramento Oce\u00e2nico Projeto Pirata Parcerias FUNCAP &#8211; Programa Cientista Chefe em Recursos H\u00eddricos<\/p>\n","protected":false},"author":1,"featured_media":0,"parent":0,"menu_order":0,"comment_status":"closed","ping_status":"closed","template":"","meta":[],"acf":[],"_links":{"self":[{"href":"http:\/\/www.funceme.br\/index.php?rest_route=\/wp\/v2\/pages\/11473"}],"collection":[{"href":"http:\/\/www.funceme.br\/index.php?rest_route=\/wp\/v2\/pages"}],"about":[{"href":"http:\/\/www.funceme.br\/index.php?rest_route=\/wp\/v2\/types\/page"}],"author":[{"embeddable":true,"href":"http:\/\/www.funceme.br\/index.php?rest_route=\/wp\/v2\/users\/1"}],"replies":[{"embeddable":true,"href":"http:\/\/www.funceme.br\/index.php?rest_route=%2Fwp%2Fv2%2Fcomments&post=11473"}],"version-history":[{"count":48,"href":"http:\/\/www.funceme.br\/index.php?rest_route=\/wp\/v2\/pages\/11473\/revisions"}],"predecessor-version":[{"id":14809,"href":"http:\/\/www.funceme.br\/index.php?rest_route=\/wp\/v2\/pages\/11473\/revisions\/14809"}],"wp:attachment":[{"href":"http:\/\/www.funceme.br\/index.php?rest_route=%2Fwp%2Fv2%2Fmedia&parent=11473"}],"curies":[{"name":"wp","href":"https:\/\/api.w.org\/{rel}","templated":true}]}}