{"id":13966,"date":"2025-04-29T13:38:07","date_gmt":"2025-04-29T16:38:07","guid":{"rendered":"https:\/\/www.funceme.br\/?page_id=13966"},"modified":"2025-04-30T13:50:59","modified_gmt":"2025-04-30T16:50:59","slug":"ppa-2024-2027-relatorios-de-monitoramento","status":"publish","type":"page","link":"http:\/\/www.funceme.br\/?page_id=13966","title":{"rendered":"PPA 2024-2027  | Relat\u00f3rios de Monitoramento"},"content":{"rendered":"<style>\n.arquivo {\n  display: flex;\n  align-items: center; \/* Alinha verticalmente ao centro *\/\n  gap: 0px; \/* Espa\u00e7o entre imagem e texto *\/\n}\n<\/style>\n<div class=\"\">\n<ul class=\"CategoriasNoticias\">\n<li>\n  <a href=\"?page_id=13945\"><strong>PLANO PLURIANUAL<\/strong><\/a>\n <\/li>\n<\/ul>\n<h2 class=\"-bold\"><strong>PPA 2024-2027&nbsp; | Relat\u00f3rios de Monitoramento<\/strong><\/h2>\n<p>&nbsp;<\/p>\n<p>Esta p\u00e1gina apresenta as metodologias e guias relativos aos processos de Monitoramento e de Avalia\u00e7\u00e3o do Plano Plurianual, bem como os respectivos relat\u00f3rios publicados e disponibilizados para os \u00d3rg\u00e3os de Controle.<\/p>\n<p>&nbsp;<\/p>\n<p>O processo de Monitoramento do PPA 2024-2027, coordenado no Estado pela Secretaria do Planejamento e Gest\u00e3o, \u00e9 realizado em ciclos quadrimestrais e tem como objetivo gerar informa\u00e7\u00f5es adequadas que possam ser utilizadas no processo decis\u00f3rio, com vistas \u00e0 corre\u00e7\u00e3o de desvios de execu\u00e7\u00e3o, \u00e0 melhoria da aloca\u00e7\u00e3o dos recursos e da utiliza\u00e7\u00e3o dos insumos dispon\u00edveis e ao alcance dos resultados almejados.<\/p>\n<p>&nbsp;<\/p>\n<table style=\"width: 100%;border-collapse: collapse\">\n<tbody>\n<tr>\n<td>\n<h4><strong>RELAT\u00d3RIOS SINT\u00c9TICOS DE MONITORAMENTO<\/strong><\/h4>\n<p>&nbsp;<\/p>\n<h3><strong>2024 &#8211; Relat\u00f3rio de Monitoramento de Programas<\/strong><\/h3>\n<p>&nbsp;<\/p>\n<p><strong><\/strong><\/p>\n<ul class=\"ListaEst col1\" style=\"font-weight: bold\">\n<li><a target=\"_blank\" href=\"\/wp-content\/uploads\/2025\/04\/Relatorio-de-Monitoramento-PPA-Jan-Abr-2024-Tema-Recursos-Hidricos.pdf\" rel=\"noopener\">\n<div class=\"arquivo\">\n  <img decoding=\"async\" loading=\"lazy\" src=\"wp-content\/uploads\/2025\/04\/pdf_icon.png\" alt=\"PDF\" width=\"30\" height=\"30\" style=\"margin: 0;\"><br \/>\n  <span>Janeiro \u00e0 Abril<\/span>\n<\/div>\n<p><\/a><\/li>\n<\/ul>\n<p><strong><\/strong><\/p>\n<ul class=\"ListaEst col1\" style=\"font-weight: bold\">\n<li><a target=\"_blank\" href=\"\/wp-content\/uploads\/2025\/04\/Relatorio-de-Monitoramento-PPA-Jan-Agosto-2024-Tema-Recursos-Hidricos.pdf\" rel=\"noopener\">\n<div class=\"arquivo\">\n  <img decoding=\"async\" loading=\"lazy\" src=\"wp-content\/uploads\/2025\/04\/pdf_icon.png\" alt=\"PDF\" width=\"30\" height=\"30\" style=\"margin: 0;\"><br \/>\n  <span>Janeiro a Agosto<\/span>\n<\/div>\n<p><\/a><\/li>\n<\/ul>\n<p><strong><\/strong><\/p>\n<ul class=\"ListaEst col1\" style=\"font-weight: bold\">\n<li><a target=\"_blank\" href=\"\/wp-content\/uploads\/2025\/04\/Relatorio-de-Monitoramento-PPA-Jan-Dezembro-2024-Tema-Recursos-Hidricos.pdf\" rel=\"noopener\">\n<div class=\"arquivo\">\n  <img decoding=\"async\" loading=\"lazy\" src=\"wp-content\/uploads\/2025\/04\/pdf_icon.png\" alt=\"PDF\" width=\"30\" height=\"30\" style=\"margin: 0;\"><br \/>\n  <span>Janeiro a Dezembro<\/span>\n<\/div>\n<p><\/a><\/li>\n<\/ul>\n<td style=\"padding: 10px\">\n<\/tr>\n<\/tbody>\n<\/table><\/div>\n","protected":false},"excerpt":{"rendered":"<p>PLANO PLURIANUAL PPA 2024-2027&nbsp; | Relat\u00f3rios de Monitoramento &nbsp; Esta p\u00e1gina apresenta as metodologias e guias relativos aos processos de Monitoramento e de Avalia\u00e7\u00e3o do Plano Plurianual, bem como os respectivos relat\u00f3rios publicados e disponibilizados para os \u00d3rg\u00e3os de Controle. &nbsp; O processo de Monitoramento do PPA 2024-2027, coordenado no Estado pela Secretaria do Planejamento [&hellip;]<\/p>\n","protected":false},"author":1,"featured_media":0,"parent":0,"menu_order":0,"comment_status":"closed","ping_status":"closed","template":"","meta":[],"acf":[],"_links":{"self":[{"href":"http:\/\/www.funceme.br\/index.php?rest_route=\/wp\/v2\/pages\/13966"}],"collection":[{"href":"http:\/\/www.funceme.br\/index.php?rest_route=\/wp\/v2\/pages"}],"about":[{"href":"http:\/\/www.funceme.br\/index.php?rest_route=\/wp\/v2\/types\/page"}],"author":[{"embeddable":true,"href":"http:\/\/www.funceme.br\/index.php?rest_route=\/wp\/v2\/users\/1"}],"replies":[{"embeddable":true,"href":"http:\/\/www.funceme.br\/index.php?rest_route=%2Fwp%2Fv2%2Fcomments&post=13966"}],"version-history":[{"count":14,"href":"http:\/\/www.funceme.br\/index.php?rest_route=\/wp\/v2\/pages\/13966\/revisions"}],"predecessor-version":[{"id":14031,"href":"http:\/\/www.funceme.br\/index.php?rest_route=\/wp\/v2\/pages\/13966\/revisions\/14031"}],"wp:attachment":[{"href":"http:\/\/www.funceme.br\/index.php?rest_route=%2Fwp%2Fv2%2Fmedia&parent=13966"}],"curies":[{"name":"wp","href":"https:\/\/api.w.org\/{rel}","templated":true}]}}