{"id":14746,"date":"2026-02-10T16:57:35","date_gmt":"2026-02-10T19:57:35","guid":{"rendered":"http:\/\/www.funceme.br\/?page_id=14746"},"modified":"2026-02-10T16:57:35","modified_gmt":"2026-02-10T19:57:35","slug":"publicacao-lgpd","status":"publish","type":"page","link":"http:\/\/www.funceme.br\/?page_id=14746","title":{"rendered":"Publicacao LGPD"},"content":{"rendered":"<div class=\"\">\n<a href=\"?page_id=13316\" style=\"color: #fc6836;font-size: 0.8em\"> <\/p>\n<p><strong>LGPD<\/strong><\/p>\n<p><\/a><\/p>\n<h2><strong>Publica\u00e7\u00f5es<\/strong><\/h2>\n<p>&nbsp;<\/p>\n<p>&nbsp;<\/p>\n<ul class=\"ListaEst col2\" style=\"font-weight: bold\">\n<li><a target=\"_blank\" href=\"http:\/\/www.funceme.br\/wp-content\/uploads\/2025\/09\/Politica-de-Privacidade-e-Protecao-de-Dados-Funceme-Versao-Set_2025.pdf\" rel=\"noopener\">Pol\u00edtica de Privacidade<\/a><\/li>\n<li><a target=\"_blank\" href=\"http:\/\/www.funceme.br\/wp-content\/uploads\/2026\/02\/Politica_de_Gestao_de_Riscos_-_Instrucao_Normativa_001_2026.pdf\" rel=\"noopener\">Pol\u00edtica de Gest\u00e3o de Riscos<\/a><\/li>\n<li><a target=\"_blank\" href=\"http:\/\/www.funceme.br\/wp-content\/uploads\/2026\/02\/Plano_de_Resposta_a_Incidentes_-_Funceme.pdf\" rel=\"noopener\">Plano de Resposta a Incidentes<\/a><\/li>\n<\/ul>\n<\/div>\n","protected":false},"excerpt":{"rendered":"<p>LGPD Publica\u00e7\u00f5es &nbsp; &nbsp; Pol\u00edtica de Privacidade Pol\u00edtica de Gest\u00e3o de Riscos Plano de Resposta a Incidentes<\/p>\n","protected":false},"author":1,"featured_media":0,"parent":0,"menu_order":0,"comment_status":"closed","ping_status":"closed","template":"","meta":[],"acf":[],"_links":{"self":[{"href":"http:\/\/www.funceme.br\/index.php?rest_route=\/wp\/v2\/pages\/14746"}],"collection":[{"href":"http:\/\/www.funceme.br\/index.php?rest_route=\/wp\/v2\/pages"}],"about":[{"href":"http:\/\/www.funceme.br\/index.php?rest_route=\/wp\/v2\/types\/page"}],"author":[{"embeddable":true,"href":"http:\/\/www.funceme.br\/index.php?rest_route=\/wp\/v2\/users\/1"}],"replies":[{"embeddable":true,"href":"http:\/\/www.funceme.br\/index.php?rest_route=%2Fwp%2Fv2%2Fcomments&post=14746"}],"version-history":[{"count":2,"href":"http:\/\/www.funceme.br\/index.php?rest_route=\/wp\/v2\/pages\/14746\/revisions"}],"predecessor-version":[{"id":14750,"href":"http:\/\/www.funceme.br\/index.php?rest_route=\/wp\/v2\/pages\/14746\/revisions\/14750"}],"wp:attachment":[{"href":"http:\/\/www.funceme.br\/index.php?rest_route=%2Fwp%2Fv2%2Fmedia&parent=14746"}],"curies":[{"name":"wp","href":"https:\/\/api.w.org\/{rel}","templated":true}]}}