{"id":14838,"date":"2026-03-17T10:34:07","date_gmt":"2026-03-17T13:34:07","guid":{"rendered":"https:\/\/www.funceme.br\/?page_id=14838"},"modified":"2026-04-06T09:22:36","modified_gmt":"2026-04-06T12:22:36","slug":"comissao-setorial-de-etica-publica-2","status":"publish","type":"page","link":"http:\/\/www.funceme.br\/?page_id=14838","title":{"rendered":"Comiss\u00e3o Setorial de \u00c9tica P\u00fablica"},"content":{"rendered":"<p><strong><span style=\"color: #fc6836;font-size: 0.8em\">INSTITUCIONAL<\/span><\/strong><\/p>\n<h2><strong>Comiss\u00e3o Setorial de \u00c9tica P\u00fablica<\/strong><\/h2>\n<p>&nbsp;<\/p>\n<p style=\"text-align: justify;\">O Decreto Estadual N\u00ba 29.887, de 31 de agosto de 2009, instituiu o Sistema de \u00c9tica e Transpar\u00eancia com a finalidade de promover atividades que disp\u00f5em sobre a conduta \u00e9tica no \u00e2mbito do Poder Executivo Estadual. A partir desse decreto foram criadas as Comiss\u00f5es Setoriais de \u00c9tica P\u00fablica (CSEP) em cada \u00f3rg\u00e3o.<\/p>\n<p>&nbsp;<\/p>\n<p style=\"text-align: justify;\">A Comiss\u00e3o Setorial de \u00c9tica P\u00fablica \u2013 CSEP da Funceme \u00e9 integrada por 06 (seis) membros, sendo 3 (tr\u00eas) titulares e 3 (tr\u00eas) suplentes, indicados e nomeados mediante Portaria do Presidente da Funda\u00e7\u00e3o Cearense de Meteorologia e Recursos H\u00eddricos, dentre servidores do quadro pessoal em exerc\u00edcio nesta institui\u00e7\u00e3o, para um mandato de 2 (dois) anos, permitida uma \u00fanica recondu\u00e7\u00e3o.<\/p>\n<p>&nbsp;<\/p>\n<p style=\"text-align: justify;\">A atua\u00e7\u00e3o no \u00e2mbito da CSEP n\u00e3o enseja qualquer remunera\u00e7\u00e3o para seus membros e os trabalhos nela desenvolvidos s\u00e3o considerados presta\u00e7\u00e3o de relevante servi\u00e7o p\u00fablico.\n<\/p>\n<p>&nbsp;<\/p>\n<p style=\"text-align: justify;\">Cabe ressaltar que a CSEP tem como base normativa o C\u00f3digo de \u00c9tica e Conduta da Administra\u00e7\u00e3o Estadual, institu\u00eddo pelo Decreto N\u00ba 31.198, de 30 de abril de 2013.<\/p>\n<p>&nbsp;<\/p>\n<h4><strong>Conhe\u00e7a a Comiss\u00e3o Setorial de \u00c9tica P\u00fablica <\/strong><\/h4>\n<p>&nbsp;<\/p>\n<p class=\"destacado\">Jos\u00e9 Marcelo Rodrigues Pereira<\/p>\n<p class=\"destacado\"><strong>Membro Titular (Presidente)<\/strong><\/p>\n<p>&nbsp;<\/p>\n<p class=\"destacado\">Rafaela da Silva Alves<\/p>\n<p class=\"destacado\"><strong>Membro Titular<\/strong><\/p>\n<p>&nbsp;<\/p>\n<p class=\"destacado\">Bruno Dias Rodrigues<\/p>\n<p class=\"destacado\"><strong>Membro Titular<\/strong><\/p>\n<p>&nbsp;<\/p>\n<p class=\"destacado\">Fernanda Azev\u00eado Benevides<\/p>\n<p class=\"destacado\"><strong>Membro Suplente (Secretaria Executiva)<\/strong><\/p>\n<p>&nbsp;<\/p>\n<p class=\"destacado\">Maria da Concei\u00e7\u00e3o Rodrigues de Oliveira<\/p>\n<p class=\"destacado\"><strong>Membro Suplente<\/strong><\/p>\n<p>&nbsp;<\/p>\n<p class=\"destacado\">Adriana Maria Rebou\u00e7as do Nascimento<\/p>\n<p class=\"destacado\"><strong>Membro Suplente<\/strong><\/p>\n<p>&nbsp;<\/p>\n<h4><strong>Contato<\/strong><\/h4>\n<p>&nbsp;<\/p>\n<p>Av. Rui Barbosa, 1246 &#8211; Aldeota &#8211; Fortaleza\/CE<\/p>\n<p>CEP: 60.115-221 &#8211; Fone:&nbsp;155<\/p>\n<p>E-mail:&nbsp;&nbsp;&nbsp;etica@funceme.br<\/p>\n<p>&nbsp;<\/p>\n<p>&nbsp;<\/p>\n<ul class=\"ListaDecorada\">\n<li style=\"text-align: justify;\"><a style=\"color: #fc6836\" href=\"http:\/\/www.funceme.br\/wp-content\/uploads\/2022\/11\/Regimento-Interno-de-%C3%89tica-1.pdf\">Regimento Interno<\/a><\/li>\n<li style=\"text-align: justify;\"><a style=\"color: #fc6836\" href=\"http:\/\/www.funceme.br\/wp-content\/uploads\/2026\/03\/PORTARIA_N143-2025.pdf\">Portaria N\u00b0 143\/2025<\/a><\/li>\n<\/ul>\n","protected":false},"excerpt":{"rendered":"<p>INSTITUCIONAL Comiss\u00e3o Setorial de \u00c9tica P\u00fablica &nbsp; O Decreto Estadual N\u00ba 29.887, de 31 de agosto de 2009, instituiu o Sistema de \u00c9tica e Transpar\u00eancia com a finalidade de promover atividades que disp\u00f5em sobre a conduta \u00e9tica no \u00e2mbito do Poder Executivo Estadual. A partir desse decreto foram criadas as Comiss\u00f5es Setoriais de \u00c9tica P\u00fablica [&hellip;]<\/p>\n","protected":false},"author":1,"featured_media":0,"parent":0,"menu_order":0,"comment_status":"closed","ping_status":"closed","template":"","meta":[],"acf":[],"_links":{"self":[{"href":"http:\/\/www.funceme.br\/index.php?rest_route=\/wp\/v2\/pages\/14838"}],"collection":[{"href":"http:\/\/www.funceme.br\/index.php?rest_route=\/wp\/v2\/pages"}],"about":[{"href":"http:\/\/www.funceme.br\/index.php?rest_route=\/wp\/v2\/types\/page"}],"author":[{"embeddable":true,"href":"http:\/\/www.funceme.br\/index.php?rest_route=\/wp\/v2\/users\/1"}],"replies":[{"embeddable":true,"href":"http:\/\/www.funceme.br\/index.php?rest_route=%2Fwp%2Fv2%2Fcomments&post=14838"}],"version-history":[{"count":19,"href":"http:\/\/www.funceme.br\/index.php?rest_route=\/wp\/v2\/pages\/14838\/revisions"}],"predecessor-version":[{"id":14912,"href":"http:\/\/www.funceme.br\/index.php?rest_route=\/wp\/v2\/pages\/14838\/revisions\/14912"}],"wp:attachment":[{"href":"http:\/\/www.funceme.br\/index.php?rest_route=%2Fwp%2Fv2%2Fmedia&parent=14838"}],"curies":[{"name":"wp","href":"https:\/\/api.w.org\/{rel}","templated":true}]}}