{"id":2122,"date":"2018-12-13T10:25:34","date_gmt":"2018-12-13T13:25:34","guid":{"rendered":"http:\/\/wp.funceme.br\/?page_id=2122"},"modified":"2019-02-19T10:39:39","modified_gmt":"2019-02-19T13:39:39","slug":"produtos-e-servicos","status":"publish","type":"page","link":"http:\/\/www.funceme.br\/?page_id=2122","title":{"rendered":"PRODUTOS E SERVI\u00c7OS"},"content":{"rendered":"<p><!--inicio dos Produtos e Servi\u00e7os--><\/p>\n<div id=\"previsao\"><\/div>\n<p>&nbsp;<\/p>\n<div class=\"row\">\n<div class=\"Card  Calendario  BgVerde  row\">\n<div class=\"dt-9\">\n<h3><b>PREVIS\u00c3O<\/b><\/h3>\n<\/p><\/div>\n<\/p><\/div>\n<section class=\" servico-temas servico-tema-\">\n<div class=\"dt-12\">\n<ul class=\"ListaEst col3 -Laranja\">\n<li class=\"item\">\n                    <a class=\"box\" href=\"?page_id=2640\"><\/p>\n<h3>AN\u00c1LISE DI\u00c1RIA DAS CHUVAS<\/h3>\n<p>                    <\/a>\n                <\/li>\n<li class=\"item\">\n                    <a class=\"box\" href=\"?page_id=2543\"><\/p>\n<h3>PREVIS\u00c3O DI\u00c1RIA DO TEMPO<\/h3>\n<p>                    <\/a>\n                <\/li>\n<li class=\"item\">\n                    <a class=\"box\" href=\"?page_id=2654\"><\/p>\n<h3>POTENCIAL DI\u00c1RIO DE ENERGIA SOLAR<\/h3>\n<p>                    <\/a>\n                <\/li>\n<li class=\"item\">\n                    <a class=\"box\" href=\"?page_id=2657\"><\/p>\n<h3>PREVIS\u00c3O NUM\u00c9RICA DO TEMPO<\/h3>\n<p>                    <\/a>\n                <\/li>\n<li class=\"item\">\n                    <a class=\"box\" href=\"?page_id=2662\"><\/p>\n<h3>POTENCIAL DI\u00c1RIO DE ENERGIA E\u00d3LICA<\/h3>\n<p>                    <\/a>\n                <\/li>\n<li class=\"item\">\n                    <a class=\"box\" href=\"?page_id=2665\"><\/p>\n<h3>PREVIS\u00c3O DO TEMPO POR SUB-BACIAS<\/h3>\n<p>                    <\/a>\n                <\/li>\n<li class=\"item\">\n                    <a class=\"box\" href=\"?page_id=2668\"><\/p>\n<h3>PREVIS\u00c3O DO TEMPO POR REGI\u00d5ES HOMOG\u00caNEAS<\/h3>\n<p>                    <\/a>\n                <\/li>\n<li class=\"item\">\n                    <a class=\"box\" href=\"?page_id=2673\"><\/p>\n<h3>PREVIS\u00c3O DI\u00c1RIA POR REGI\u00d5ES HIDROGR\u00c1FICAS<\/h3>\n<p>                    <\/a>\n                <\/li>\n<li class=\"item\">\n                    <a class=\"box\" href=\"?page_id=2675\"><\/p>\n<h3>PREVIS\u00c3O NUM\u00c9RICA DO CLIMA<\/h3>\n<p>                    <\/a>\n                <\/li>\n<li class=\"item\">\n                    <a class=\"box\" href=\"?page_id=2679\"><\/p>\n<h3>PREVIS\u00c3O SAZONAL DE AFLU\u00caNCIAS<\/h3>\n<p>                    <\/a>\n                <\/li>\n<\/ul>\n<\/section>\n<\/div>\n<div id=\"monitoramento\"><\/div>\n<p>&nbsp;<br \/>\n&nbsp;<br \/>\n&nbsp;<br \/>\n&nbsp;<br \/>\n&nbsp;<br \/>\n<!--In\u00edcio Monitoramento-->   <\/p>\n<div class=\"row\">\n<div class=\"Card  Calendario  BgVerde  row\">\n<div class=\"dt-9\">\n<h3><b>MONITORAMENTO<\/b><\/h3>\n<\/p><\/div>\n<\/p><\/div>\n<section class=\" servico-temas servico-tema-\">\n<div class=\"dt-12\">\n<ul class=\"ListaEst col4 -Verde\">\n<li class=\"item\">\n<p>                    <a class=\"box\" href=\"http:\/\/funceme.br\/app\/calendario\/\" target=\"_blank\"><\/p>\n<h3>CALEND\u00c1RIO DAS CHUVAS<\/h3>\n<p>                    <\/a>\n                <\/li>\n<li class=\"item\">\n                    <a class=\"box\" href=\"?page_id=2683\"><\/p>\n<h3>MONITORAMENTO GLOBAL SEMANAL<\/h3>\n<p>                    <\/a>\n                <\/li>\n<li class=\"item\">\n                    <a class=\"box\" href=\"?page_id=2694\"><\/p>\n<h3>POSTOS PLUVIOM\u00c9TRICOS<\/h3>\n<p>                    <\/a>\n                <\/li>\n<li class=\"item\">\n                    <a class=\"box\" href=\"#\"><\/p>\n<h3>BOLETINS CLIMA ALERTA<\/h3>\n<p>                    <\/a>\n                <\/li>\n<li class=\"item\">\n                    <a class=\"box\" href=\"?page_id=2696\"><\/p>\n<h3>PRECIPITA\u00c7\u00c3O M\u00c9DIA<\/h3>\n<p>                    <\/a>\n                <\/li>\n<li class=\"item\">\n                    <a class=\"box\" href=\"?page_id=2699\"><\/p>\n<h3>MONITORAMENTO GLOBAL MENSAL<\/h3>\n<p>                    <\/a>\n                <\/li>\n<li class=\"item\">\n                    <a class=\"box\" href=\"http:\/\/funceme.br\/app\/calendario\/\" target=\"_blank\"><\/p>\n<h3>CHUVAS DI\u00c1RIAS<\/h3>\n<p>                    <\/a>\n                <\/li>\n<li class=\"item\">\n                    <a class=\"box\" href=\"?page_id=2702\"><\/p>\n<h3>GR\u00c1FICO DE CHUVAS DOS POSTOS PLUVIOM\u00c9TRICOS<\/h3>\n<p>                    <\/a>\n                <\/li>\n<li class=\"item\">\n                    <a class=\"box\" href=\"?page_id=2714\"><\/p>\n<h3>NASCER E P\u00d4R DO SOL<\/h3>\n<p>                    <\/a>\n                <\/li>\n<li class=\"item\">\n                    <a class=\"box\" href=\"?page_id=2583\"><\/p>\n<h3>PRECIPITA\u00c7\u00c3O POR RADAR<\/h3>\n<p>                    <\/a>\n                <\/li>\n<li class=\"item\">\n                    <a class=\"box\" href=\"?page_id=2718\"><\/p>\n<h3>QUANTIS &#8211; 2018<\/h3>\n<p>                    <\/a>\n                <\/li>\n<li class=\"item\">\n                    <a class=\"box\" href=\"http:\/\/funceme.br\/pcd\/\" target=\"_blank\"><\/p>\n<h3>VARI\u00c1VEIS METEOROL\u00d3GICAS (PCDs)<\/h3>\n<p>                    <\/a>\n                <\/li>\n<li class=\"item\">\n                    <a class=\"box\" href=\"?page_id=2721\"><\/p>\n<h3>ZONA DE CONVERG\u00caNCIA INTERTROPICAL (ZCIT)<\/h3>\n<p>                    <\/a>\n                <\/li>\n<li class=\"item\">\n                    <a class=\"box\" href=\"?page_id=2723\"><\/p>\n<h3>CAMPOS DE TSM E VENTO NO ATL\u00c2NTICO TROPICAL<\/h3>\n<p>                    <\/a>\n                <\/li>\n<li class=\"item\">\n                    <a class=\"box\" href=\"?page_id=2726\"><\/p>\n<h3>PIRATA<\/h3>\n<p>                    <\/a>\n                <\/li>\n<li class=\"item\">\n                    <a class=\"box\" href=\"?page_id=2736\"><\/p>\n<h3>ESPELHOS D&#8217;\u00c1GUA<\/h3>\n<p>                    <\/a>\n                <\/li>\n<li class=\"item\">\n                    <a class=\"box\" href=\"?page_id=2744\" target=\"_blank\"><\/p>\n<h3>EVAPOTRANSPIRA\u00c7\u00c3O POTENCIAL<\/h3>\n<p>                    <\/a>\n                <\/li>\n<li class=\"item\">\n                    <a class=\"box\" href=\"http:\/\/www.hidro.ce.gov.br\/\" target=\"_blank\"><\/p>\n<h3>PORTAL HIDROL\u00d3GICO<\/h3>\n<p>                    <\/a>\n                <\/li>\n<li class=\"item\">\n                    <a class=\"box\" href=\"?page_id=2746\"><\/p>\n<h3>UMIDADE DO SOLO<\/h3>\n<p>                    <\/a>\n                <\/li>\n<li class=\"item\">\n                    <a class=\"box\" href=\"?page_id=2748\"><\/p>\n<h3>REGI\u00d5ES HIDROGR\u00c1FICAS<\/h3>\n<p>                    <\/a>\n                <\/li>\n<li class=\"item\">\n                    <a class=\"box\" href=\"?page_id=2751\"><\/p>\n<h3>PREVINA<\/h3>\n<p>                    <\/a>\n                <\/li>\n<\/ul>\n<\/section>\n<\/div>\n<div id=\"aplicativos\"><\/div>\n<p>&nbsp;<br \/>\n&nbsp;<br \/>\n&nbsp;<br \/>\n&nbsp;<br \/>\n&nbsp;<br \/>\n<!--inicio dos aplicativos--><\/p>\n<div class=\"row\">\n<div class=\"Card  Calendario  BgVerde  row\">\n<div class=\"dt-9\">\n<h3><b>APLICATIVOS<\/b><\/h3>\n<\/p><\/div>\n<\/p><\/div>\n<section class=\" servico-temas servico-tema-\">\n<div class=\"dt-12\">\n<ul class=\"ListaEst col3 -Laranja\">\n<li class=\"item\">\n                    <a class=\"box\" href=\"?page_id=2753\"><\/p>\n<h3>PROBABILIDADE DE LUCROS<\/h3>\n<p>                    <\/a>\n                <\/li>\n<li class=\"item\">\n                    <a class=\"box\" href=\"?page_id=2755\"><\/p>\n<h3>SISTEMA DE INFORMA\u00c7\u00d5ES METEOROL\u00d3GICAS PARA IRRIGA\u00c7\u00c3O<\/h3>\n<p>                    <\/a><\/p>\n<li class=\"item\">\n                    <a class=\"box\" href=\"?page_id=2757\"><\/p>\n<h3>TOTAL ANUAL  DESVIO DAS CHUVAS<\/h3>\n<p>                    <\/a>\n                <\/li>\n<li class=\"item\">\n                    <a class=\"box\" href=\"?page_id=2759\"><\/p>\n<h3>OPERA\u00c7\u00c3O DE RESERVAT\u00d3RIOS<\/h3>\n<p>                    <\/a><\/p>\n<li class=\"item\">\n                    <a class=\"box\" href=\"?page_id=2761\"><\/p>\n<h3>REGIONALIZA\u00c7\u00c3O HIDROL\u00d3GICA<\/h3>\n<p>                    <\/a>\n                <\/li>\n<\/ul>\n<\/section>\n<\/div>\n<p><!--fim dos aplicativos--><\/p>\n<div id=\"mapas-tematicos\"><\/div>\n<p>&nbsp;<br \/>\n&nbsp;<br \/>\n&nbsp;<br \/>\n&nbsp;<br \/>\n&nbsp;<br \/>\n<!--inicio dos mapas tem\u00e1ticos--><\/p>\n<div class=\"row\">\n<div class=\"Card  Calendario  BgVerde  row\">\n<div class=\"dt-9\">\n<h3><b>MAPAS TEM\u00c1TICOS<\/b><\/h3>\n<\/p><\/div>\n<\/p><\/div>\n<section class=\" servico-temas servico-tema-\">\n<div class=\"dt-12\">\n<ul class=\"ListaEst col3 -Laranja\">\n<li class=\"item\">\n                    <a class=\"box\" href=\"?page_id=2763\"><\/p>\n<h3>DEGRADA\u00c7\u00c3O AMBIENTAL<\/h3>\n<p>                    <\/a>\n                <\/li>\n<li class=\"item\">\n                    <a class=\"box\" href=\"?page_id=2765\"><\/p>\n<h3>SOLOS<\/h3>\n<p>                    <\/a>\n                <\/li>\n<li class=\"item\">\n                    <a class=\"box\" href=\"?page_id=2770\"><\/p>\n<h3>ZONEAMENTO GEOAMBIENTAL<\/h3>\n<p>                    <\/a>\n                <\/li>\n<li class=\"item\">\n                    <a class=\"box\" href=\"?page_id=2783\"><\/p>\n<h3>\u00cdNDICE DE ARIDEZ PARA O CEAR\u00c1<\/h3>\n<p>                    <\/a>\n                <\/li>\n<li class=\"item\">\n                    <a class=\"box\" href=\"?page_id=2950\"><\/p>\n<h3>MAPAS DO CEAR\u00c1<\/h3>\n<p>                    <\/a>\n                <\/li>\n<li class=\"item\">\n                    <a class=\"box\" href=\"?page_id=2964\"><\/p>\n<h3>MAPEAMENTO DOS A\u00c7UDES &#8211; DNOCS<\/h3>\n<p>                    <\/a>\n                <\/li>\n<li class=\"item\">\n                    <a class=\"box\" href=\"?page_id=2992\"><\/p>\n<h3>MAPEAMENTO APA &#8211; BATURIT\u00c9 2007<\/h3>\n<p>                    <\/a>\n                <\/li>\n<p>                <!--\n\n<li class=\"item\">\n                    <a class=\"box\" href=\"#\">\n                        \n\n<h3>MAPEAMENTO SOLOS - CARIRI 2012<\/h3>\n\n\n                    <\/a>\n                <\/li>\n\n--><\/p>\n<li class=\"item\">\n                    <a class=\"box\" href=\"?page_id=2772\"><\/p>\n<h3>PREVIS\u00c3O DI\u00c1RIA POR REGI\u00d5ES HIDROGR\u00c1FICAS<\/h3>\n<p>                    <\/a>\n                <\/li>\n<li class=\"item\">\n                    <a class=\"box\" href=\"?page_id=3004\"><\/p>\n<h3>PROJETO DE DESENVOLVIMENTO HIDROAMBIENTAL (PRODHAM)<\/h3>\n<p>                    <\/a>\n                <\/li>\n<p>                <!--\n\n<li class=\"item\">\n                    <a class=\"box\" href=\"#\">\n                        \n\n<h3>PROJETO MATA BRANCA<\/h3>\n\n\n                    <\/a>\n                <\/li>\n\n--><br \/>\n                <!--\n\n<li class=\"item\">\n                    <a class=\"box\" href=\"#\">\n                        \n\n<h3>ZONEAMENTO GEOAMBEINTAL - LITORAL (2002)<\/h3>\n\n\n                    <\/a>\n                <\/li>\n\n--><br \/>\n                <!--\n\n<li class=\"item\">\n                    <a class=\"box\" href=\"?page_id=3012\">\n                        \n\n<h3>ZONEAMENTO GEOAMBIENTAL - CARIRI (2006)<\/h3>\n\n\n                    <\/a>\n                <\/li>\n\n--><\/p>\n<li class=\"item\">\n                    <a class=\"box\" href=\"?page_id=2774\"><\/p>\n<h3>OUTROS MAPAS TEM\u00c1TICOS<\/h3>\n<p>                    <\/a>\n                <\/li>\n<\/ul><\/div>\n<\/section>\n<\/div>\n","protected":false},"excerpt":{"rendered":"<p>&nbsp; PREVIS\u00c3O AN\u00c1LISE DI\u00c1RIA DAS CHUVAS PREVIS\u00c3O DI\u00c1RIA DO TEMPO POTENCIAL DI\u00c1RIO DE ENERGIA SOLAR PREVIS\u00c3O NUM\u00c9RICA DO TEMPO POTENCIAL DI\u00c1RIO DE ENERGIA E\u00d3LICA PREVIS\u00c3O DO TEMPO POR SUB-BACIAS PREVIS\u00c3O DO TEMPO POR REGI\u00d5ES HOMOG\u00caNEAS PREVIS\u00c3O DI\u00c1RIA POR REGI\u00d5ES HIDROGR\u00c1FICAS PREVIS\u00c3O NUM\u00c9RICA DO CLIMA PREVIS\u00c3O SAZONAL DE AFLU\u00caNCIAS &nbsp; &nbsp; &nbsp; &nbsp; &nbsp; MONITORAMENTO CALEND\u00c1RIO [&hellip;]<\/p>\n","protected":false},"author":4,"featured_media":0,"parent":0,"menu_order":0,"comment_status":"closed","ping_status":"closed","template":"","meta":[],"acf":[],"_links":{"self":[{"href":"http:\/\/www.funceme.br\/index.php?rest_route=\/wp\/v2\/pages\/2122"}],"collection":[{"href":"http:\/\/www.funceme.br\/index.php?rest_route=\/wp\/v2\/pages"}],"about":[{"href":"http:\/\/www.funceme.br\/index.php?rest_route=\/wp\/v2\/types\/page"}],"author":[{"embeddable":true,"href":"http:\/\/www.funceme.br\/index.php?rest_route=\/wp\/v2\/users\/4"}],"replies":[{"embeddable":true,"href":"http:\/\/www.funceme.br\/index.php?rest_route=%2Fwp%2Fv2%2Fcomments&post=2122"}],"version-history":[{"count":78,"href":"http:\/\/www.funceme.br\/index.php?rest_route=\/wp\/v2\/pages\/2122\/revisions"}],"predecessor-version":[{"id":3356,"href":"http:\/\/www.funceme.br\/index.php?rest_route=\/wp\/v2\/pages\/2122\/revisions\/3356"}],"wp:attachment":[{"href":"http:\/\/www.funceme.br\/index.php?rest_route=%2Fwp%2Fv2%2Fmedia&parent=2122"}],"curies":[{"name":"wp","href":"https:\/\/api.w.org\/{rel}","templated":true}]}}