{"id":2380,"date":"2019-02-05T08:54:20","date_gmt":"2019-02-05T11:54:20","guid":{"rendered":"http:\/\/wp.funceme.br\/?page_id=2380"},"modified":"2024-02-29T15:15:10","modified_gmt":"2024-02-29T18:15:10","slug":"previsao","status":"publish","type":"page","link":"http:\/\/www.funceme.br\/?page_id=2380","title":{"rendered":"Previs\u00e3o"},"content":{"rendered":"<p><!--inicio dos Produtos e Servi\u00e7os--><\/p>\n<div class=\"row\">\n<div class=\"Card  Calendario  BgVerde  row\">\n<div class=\"dt-9\">\n<h3><b>PREVIS\u00c3O<\/b><\/h3>\n<\/p><\/div>\n<\/p><\/div>\n<section class=\" servico-temas servico-tema-\">\n<div class=\"dt-12\">\n<ul class=\"ListaEst col2 -Laranja\">\n<li class=\"item\">\n                    <a class=\"box\" href=\"?page_id=2543\"><\/p>\n<h3>PREVIS\u00c3O DI\u00c1RIA DO TEMPO<\/h3>\n<p>                    <\/a>\n                <\/li>\n<li class=\"item\">\n                    <a class=\"box\" href=\"https:\/\/pnt.funceme.br\/\"><\/p>\n<h3>PREVIS\u00c3O NUM\u00c9RICA DO TEMPO<\/h3>\n<p>                    <\/a>\n                <\/li>\n<\/ul>\n<\/section>\n<\/div>\n","protected":false},"excerpt":{"rendered":"<p>PREVIS\u00c3O PREVIS\u00c3O DI\u00c1RIA DO TEMPO PREVIS\u00c3O NUM\u00c9RICA DO TEMPO<\/p>\n","protected":false},"author":4,"featured_media":0,"parent":2122,"menu_order":1,"comment_status":"closed","ping_status":"closed","template":"","meta":[],"acf":[],"_links":{"self":[{"href":"http:\/\/www.funceme.br\/index.php?rest_route=\/wp\/v2\/pages\/2380"}],"collection":[{"href":"http:\/\/www.funceme.br\/index.php?rest_route=\/wp\/v2\/pages"}],"about":[{"href":"http:\/\/www.funceme.br\/index.php?rest_route=\/wp\/v2\/types\/page"}],"author":[{"embeddable":true,"href":"http:\/\/www.funceme.br\/index.php?rest_route=\/wp\/v2\/users\/4"}],"replies":[{"embeddable":true,"href":"http:\/\/www.funceme.br\/index.php?rest_route=%2Fwp%2Fv2%2Fcomments&post=2380"}],"version-history":[{"count":12,"href":"http:\/\/www.funceme.br\/index.php?rest_route=\/wp\/v2\/pages\/2380\/revisions"}],"predecessor-version":[{"id":12575,"href":"http:\/\/www.funceme.br\/index.php?rest_route=\/wp\/v2\/pages\/2380\/revisions\/12575"}],"up":[{"embeddable":true,"href":"http:\/\/www.funceme.br\/index.php?rest_route=\/wp\/v2\/pages\/2122"}],"wp:attachment":[{"href":"http:\/\/www.funceme.br\/index.php?rest_route=%2Fwp%2Fv2%2Fmedia&parent=2380"}],"curies":[{"name":"wp","href":"https:\/\/api.w.org\/{rel}","templated":true}]}}