{"id":2593,"date":"2019-02-12T11:00:30","date_gmt":"2019-02-12T14:00:30","guid":{"rendered":"http:\/\/wp.funceme.br\/?page_id=2593"},"modified":"2021-06-15T10:45:50","modified_gmt":"2021-06-15T13:45:50","slug":"funcionarios","status":"publish","type":"page","link":"http:\/\/www.funceme.br\/?page_id=2593","title":{"rendered":"Funcion\u00e1rios"},"content":{"rendered":"<div id=\"funcionarios\" class=\"row\">\n<div class=\"Card  Calendario  BgVerde  row\">\n<div class=\"dt-9\">\n<h3><b>\u00c1REA RESTRITA &#8211; FUNCION\u00c1RIOS<\/b><\/h3>\n<\/p><\/div>\n<\/p><\/div>\n<section class=\" servico-temas servico-tema-\">\n<div class=\"dt-12\">\n<ul class=\"ListaEst col3 -Laranja\">\n<li class=\"item\">\n                    <a class=\"box\" href=\"http:\/\/intranet.funceme.br\/diversos\/aniversariantes\/visualizarAniversariantes.php\" target=\"_blank\" rel=\"noopener noreferrer\"><\/p>\n<h3>INTRANET<\/h3>\n<p>                    <\/a>\n                <\/li>\n<li class=\"item\">\n                    <a class=\"box\" href=\"http:\/\/mail.google.com\/a\/funceme.br\" target=\"_blank\" rel=\"noopener noreferrer\"><\/p>\n<h3>WEBMAIL<\/h3>\n<p>                    <\/a>\n                <\/li>\n<li class=\"item\">\n                    <a class=\"box\" href=\"http:\/\/chamados.funceme.br\/\" target=\"_blank\" rel=\"noopener noreferrer\"><\/p>\n<h3>SOLICITA\u00c7\u00c3O DE SERVI\u00c7OS<\/h3>\n<p>                    <\/a>\n                <\/li>\n<\/ul><\/div>\n<\/section>\n<\/div>\n","protected":false},"excerpt":{"rendered":"<p>\u00c1REA RESTRITA &#8211; FUNCION\u00c1RIOS INTRANET WEBMAIL SOLICITA\u00c7\u00c3O DE SERVI\u00c7OS<\/p>\n","protected":false},"author":4,"featured_media":0,"parent":374,"menu_order":7,"comment_status":"closed","ping_status":"closed","template":"pagina-lista-filhas.php","meta":[],"acf":[],"_links":{"self":[{"href":"http:\/\/www.funceme.br\/index.php?rest_route=\/wp\/v2\/pages\/2593"}],"collection":[{"href":"http:\/\/www.funceme.br\/index.php?rest_route=\/wp\/v2\/pages"}],"about":[{"href":"http:\/\/www.funceme.br\/index.php?rest_route=\/wp\/v2\/types\/page"}],"author":[{"embeddable":true,"href":"http:\/\/www.funceme.br\/index.php?rest_route=\/wp\/v2\/users\/4"}],"replies":[{"embeddable":true,"href":"http:\/\/www.funceme.br\/index.php?rest_route=%2Fwp%2Fv2%2Fcomments&post=2593"}],"version-history":[{"count":19,"href":"http:\/\/www.funceme.br\/index.php?rest_route=\/wp\/v2\/pages\/2593\/revisions"}],"predecessor-version":[{"id":9301,"href":"http:\/\/www.funceme.br\/index.php?rest_route=\/wp\/v2\/pages\/2593\/revisions\/9301"}],"up":[{"embeddable":true,"href":"http:\/\/www.funceme.br\/index.php?rest_route=\/wp\/v2\/pages\/374"}],"wp:attachment":[{"href":"http:\/\/www.funceme.br\/index.php?rest_route=%2Fwp%2Fv2%2Fmedia&parent=2593"}],"curies":[{"name":"wp","href":"https:\/\/api.w.org\/{rel}","templated":true}]}}