{"id":2654,"date":"2019-02-12T12:52:36","date_gmt":"2019-02-12T15:52:36","guid":{"rendered":"http:\/\/wp.funceme.br\/?page_id=2654"},"modified":"2019-05-03T15:32:24","modified_gmt":"2019-05-03T18:32:24","slug":"potencial-diario-de-energia-solar","status":"publish","type":"page","link":"http:\/\/www.funceme.br\/?page_id=2654","title":{"rendered":"Potencial Di\u00e1rio de Energia Solar"},"content":{"rendered":"<p><img decoding=\"async\" loading=\"lazy\" class=\"alignnone size-full wp-image-2653\" src=\"http:\/\/www.funceme.br\/wp-content\/uploads\/2019\/02\/energia_solar.png\" alt=\"\" width=\"400\" height=\"135\" \/><\/p>\n<p style=\"align: justify\">\nA energia que recebemos do Sol \u00e9 indispens\u00e1vel para a vida na Terra, pois essa energia \u00e9 respons\u00e1vel pelos mais diversos processos que ocorrem em nosso planeta, desde a fotoss\u00edntese realizada pelas plantas\u00a0at\u00e9 os fen\u00f4menos atmosf\u00e9ricos.\n<\/p>\n<p style=\"align: justify\">\nEsta fonte de\u00a0 energia pode ser aproveitada atrav\u00e9s da convers\u00e3o direta de energia solar em eletricidade atrav\u00e9s do uso de c\u00e9lulas fotovoltaicas, que s\u00e3o dispositivos semicondutores que produzem uma corrente el\u00e9trica quando expostos \u00e0 luz.\n<\/p>\n<p style=\"align: justify\">\nHoje em dia, devido \u00e0s preocupa\u00e7\u00f5es internacionais\u00a0 relacionadas ao aquecimento global, h\u00e1 uma crescente demanda pelo uso de energias limpas e\/ou renov\u00e1veis.\u00a0Em resposta a essa demanda, a utiliza\u00e7\u00e3o de fontes alternativas de energias, como as energias solar, e\u00f3lica e a biomassa, vem crescendo significativamente nos \u00faltimos anos, sendo as duas primeiras fontes abundantes na regi\u00e3o Nordeste do Brasil.\n<\/p>\n<p style=\"align: justify\">\nO conhecimento preciso da radia\u00e7\u00e3o solar incidente \u00e9 de grande import\u00e2ncia para o planejamento energ\u00e9tico brasileiro. O mapeamento da radia\u00e7\u00e3o solar incidente no estado do Cear\u00e1 e na regi\u00e3o Nordeste como um todo \u00e9 de extrema import\u00e2ncia pois permite\u00a0 que projetos de instala\u00e7\u00e3o de plantas fotovoltaicas e de aproveitamento de energia solar pelas mais diversas tecnologias possam ser realizados numa base s\u00f3lida, visando redu\u00e7\u00e3o dos riscos econ\u00f4micos e estrat\u00e9gicos para os investidores ou o pr\u00f3prio governo.\n<\/p>\n<p>&nbsp;<br \/>\n<iframe style=\"min-height: 0; height: 1120px\" scrolling=\"no\" src=\"http:\/\/funceme.br\/produtos\/script\/tempo\/Previsao_numerica\/rams\/produtos\/medsolar\/index.php\"><span data-mce-type=\"bookmark\" style=\"display: inline-block; width: 0px; overflow: hidden; line-height: 0;\" class=\"mce_SELRES_start\">\ufeff<\/span><\/iframe><\/p>\n","protected":false},"excerpt":{"rendered":"<p>A energia que recebemos do Sol \u00e9 indispens\u00e1vel para a vida na Terra, pois essa energia \u00e9 respons\u00e1vel pelos mais diversos processos que ocorrem em nosso planeta, desde a fotoss\u00edntese realizada pelas plantas\u00a0at\u00e9 os fen\u00f4menos atmosf\u00e9ricos. Esta fonte de\u00a0 energia pode ser aproveitada atrav\u00e9s da convers\u00e3o direta de energia solar em eletricidade atrav\u00e9s do uso [&hellip;]<\/p>\n","protected":false},"author":1,"featured_media":0,"parent":2122,"menu_order":0,"comment_status":"closed","ping_status":"closed","template":"","meta":[],"acf":[],"_links":{"self":[{"href":"http:\/\/www.funceme.br\/index.php?rest_route=\/wp\/v2\/pages\/2654"}],"collection":[{"href":"http:\/\/www.funceme.br\/index.php?rest_route=\/wp\/v2\/pages"}],"about":[{"href":"http:\/\/www.funceme.br\/index.php?rest_route=\/wp\/v2\/types\/page"}],"author":[{"embeddable":true,"href":"http:\/\/www.funceme.br\/index.php?rest_route=\/wp\/v2\/users\/1"}],"replies":[{"embeddable":true,"href":"http:\/\/www.funceme.br\/index.php?rest_route=%2Fwp%2Fv2%2Fcomments&post=2654"}],"version-history":[{"count":4,"href":"http:\/\/www.funceme.br\/index.php?rest_route=\/wp\/v2\/pages\/2654\/revisions"}],"predecessor-version":[{"id":4621,"href":"http:\/\/www.funceme.br\/index.php?rest_route=\/wp\/v2\/pages\/2654\/revisions\/4621"}],"up":[{"embeddable":true,"href":"http:\/\/www.funceme.br\/index.php?rest_route=\/wp\/v2\/pages\/2122"}],"wp:attachment":[{"href":"http:\/\/www.funceme.br\/index.php?rest_route=%2Fwp%2Fv2%2Fmedia&parent=2654"}],"curies":[{"name":"wp","href":"https:\/\/api.w.org\/{rel}","templated":true}]}}