{"id":2673,"date":"2019-02-12T13:10:03","date_gmt":"2019-02-12T16:10:03","guid":{"rendered":"http:\/\/wp.funceme.br\/?page_id=2673"},"modified":"2019-02-12T13:17:52","modified_gmt":"2019-02-12T16:17:52","slug":"previsao-diaria-por-regioes-hidrograficas-do-ceara","status":"publish","type":"page","link":"http:\/\/www.funceme.br\/?page_id=2673","title":{"rendered":"Previs\u00e3o di\u00e1ria por Regi\u00f5es Hidrogr\u00e1ficas do Cear\u00e1"},"content":{"rendered":"<p><iframe style=\"min-height: 0; height: 800px\" scrolling=\"no\" src=\"http:\/\/www3.funceme.br\/produtos\/script\/tempo\/Previsao_numerica\/previsao_regioes_hidrograficas\/index.php\"><span data-mce-type=\"bookmark\" style=\"display: inline-block; width: 0px; overflow: hidden; line-height: 0;\" class=\"mce_SELRES_start\">\ufeff<\/span><\/iframe><\/p>\n","protected":false},"excerpt":{"rendered":"<p>\ufeff<\/p>\n","protected":false},"author":1,"featured_media":0,"parent":2122,"menu_order":0,"comment_status":"closed","ping_status":"closed","template":"","meta":[],"acf":[],"_links":{"self":[{"href":"http:\/\/www.funceme.br\/index.php?rest_route=\/wp\/v2\/pages\/2673"}],"collection":[{"href":"http:\/\/www.funceme.br\/index.php?rest_route=\/wp\/v2\/pages"}],"about":[{"href":"http:\/\/www.funceme.br\/index.php?rest_route=\/wp\/v2\/types\/page"}],"author":[{"embeddable":true,"href":"http:\/\/www.funceme.br\/index.php?rest_route=\/wp\/v2\/users\/1"}],"replies":[{"embeddable":true,"href":"http:\/\/www.funceme.br\/index.php?rest_route=%2Fwp%2Fv2%2Fcomments&post=2673"}],"version-history":[{"count":2,"href":"http:\/\/www.funceme.br\/index.php?rest_route=\/wp\/v2\/pages\/2673\/revisions"}],"predecessor-version":[{"id":2686,"href":"http:\/\/www.funceme.br\/index.php?rest_route=\/wp\/v2\/pages\/2673\/revisions\/2686"}],"up":[{"embeddable":true,"href":"http:\/\/www.funceme.br\/index.php?rest_route=\/wp\/v2\/pages\/2122"}],"wp:attachment":[{"href":"http:\/\/www.funceme.br\/index.php?rest_route=%2Fwp%2Fv2%2Fmedia&parent=2673"}],"curies":[{"name":"wp","href":"https:\/\/api.w.org\/{rel}","templated":true}]}}