{"id":2696,"date":"2019-02-12T13:25:26","date_gmt":"2019-02-12T16:25:26","guid":{"rendered":"http:\/\/wp.funceme.br\/?page_id=2696"},"modified":"2019-02-12T13:25:26","modified_gmt":"2019-02-12T16:25:26","slug":"precipitacao-media","status":"publish","type":"page","link":"http:\/\/www.funceme.br\/?page_id=2696","title":{"rendered":"Precipita\u00e7\u00e3o M\u00e9dia"},"content":{"rendered":"<p><iframe style=\"min-height: 0; height: 800px\" scrolling=\"no\" src=\"http:\/\/www3.funceme.br\/produtos\/manual\/acudes_e_rios\/Precipitacao_media\/index.php\"><span data-mce-type=\"bookmark\" style=\"display: inline-block; width: 0px; overflow: hidden; line-height: 0;\" class=\"mce_SELRES_start\">\ufeff<\/span><\/iframe><\/p>\n","protected":false},"excerpt":{"rendered":"<p>\ufeff<\/p>\n","protected":false},"author":1,"featured_media":0,"parent":2122,"menu_order":0,"comment_status":"closed","ping_status":"closed","template":"","meta":[],"acf":[],"_links":{"self":[{"href":"http:\/\/www.funceme.br\/index.php?rest_route=\/wp\/v2\/pages\/2696"}],"collection":[{"href":"http:\/\/www.funceme.br\/index.php?rest_route=\/wp\/v2\/pages"}],"about":[{"href":"http:\/\/www.funceme.br\/index.php?rest_route=\/wp\/v2\/types\/page"}],"author":[{"embeddable":true,"href":"http:\/\/www.funceme.br\/index.php?rest_route=\/wp\/v2\/users\/1"}],"replies":[{"embeddable":true,"href":"http:\/\/www.funceme.br\/index.php?rest_route=%2Fwp%2Fv2%2Fcomments&post=2696"}],"version-history":[{"count":1,"href":"http:\/\/www.funceme.br\/index.php?rest_route=\/wp\/v2\/pages\/2696\/revisions"}],"predecessor-version":[{"id":2697,"href":"http:\/\/www.funceme.br\/index.php?rest_route=\/wp\/v2\/pages\/2696\/revisions\/2697"}],"up":[{"embeddable":true,"href":"http:\/\/www.funceme.br\/index.php?rest_route=\/wp\/v2\/pages\/2122"}],"wp:attachment":[{"href":"http:\/\/www.funceme.br\/index.php?rest_route=%2Fwp%2Fv2%2Fmedia&parent=2696"}],"curies":[{"name":"wp","href":"https:\/\/api.w.org\/{rel}","templated":true}]}}