{"id":2726,"date":"2019-02-12T13:54:05","date_gmt":"2019-02-12T16:54:05","guid":{"rendered":"http:\/\/wp.funceme.br\/?page_id=2726"},"modified":"2019-05-03T15:35:50","modified_gmt":"2019-05-03T18:35:50","slug":"pirata","status":"publish","type":"page","link":"http:\/\/www.funceme.br\/?page_id=2726","title":{"rendered":"Pirata"},"content":{"rendered":"<p>\u00c9 um programa de oceanografia. O objetivo do Programa PIRATA \u00e9 estudar as intera\u00e7\u00f5es oceano-atmosfera no Atl\u00e2ntico tropical e os seus impactos<\/p>\n<p><img decoding=\"async\" loading=\"lazy\" class=\"alignnone size-full wp-image-2727\" src=\"http:\/\/www.funceme.br\/wp-content\/uploads\/2019\/02\/pirata.png\" alt=\"\" width=\"120\" height=\"120\" \/><\/p>\n<p>O PIRATA (Pilot Research Moored Array in the Tropical Atlantic) \u00e9 um programa de oceanografia operacional elaborado por um grupo de cientistas envolvidos nas atividades do <a href=\"http:\/\/www.clivar.org\/\" target=\"_blank\" rel=\"noopener\">CLIVAR<\/a>\u00a0 (Climate Variability and Predictability Program) e realizado no \u00e2mbito de uma coopera\u00e7\u00e3o internacional entre o Brasil, a Fran\u00e7a e os Estados Unidos. O objetivo do Programa PIRATA \u00e9 estudar as intera\u00e7\u00f5es oceano-atmosfera no Atl\u00e2ntico tropical e os seus impactos na variabilidade clim\u00e1tica regional em escalas sazonais, interanuais ou de per\u00edodo mais longo.<\/p>\n<p>&nbsp;<\/p>\n<p><strong>Not\u00edcias e \u00faltimos eventos do PIRATA<\/strong><\/p>\n<p><a title=\"Mercartor\" href=\"http:\/\/www.mercator-ocean.fr\/html\/actualites\/news\/actu_pirata_en.html\"><span style=\"color: #339966;\">P\u00e1gina PIRATA no site Mercator (ingl\u00eas)<\/span><\/a><\/p>\n<p>&nbsp;<\/p>\n<p><strong>A rede PIRATA<\/strong><\/p>\n<p>&nbsp;<\/p>\n<p><img decoding=\"async\" loading=\"lazy\" class=\"alignnone size-full wp-image-2728\" src=\"http:\/\/www.funceme.br\/wp-content\/uploads\/2019\/02\/fotobouee.jpeg\" alt=\"\" width=\"100\" height=\"75\" \/><\/p>\n<p><span class=\"currency_converter_text\">Atualmente a rede PIRATA est\u00e1 constitu\u00edda por <\/span><span class=\"currency_converter_link\" title=\"Convert this amount\">16<\/span><span class=\"currency_converter_text\"> b\u00f3ias:<\/span><\/p>\n<ul>\n<li><span class=\"currency_converter_link\" title=\"Convert this amount\">10 <\/span><span class=\"currency_converter_text\">b\u00f3ias da rede inicial (<\/span><span class=\"currency_converter_text\"><span class=\"currency_converter_link\" title=\"Convert this amount\">1997<\/span><\/span><span class=\"currency_converter_text\">&#8211;<\/span><span class=\"currency_converter_text\"><span class=\"currency_converter_link\" title=\"Convert this amount\">1998<\/span><\/span><span class=\"currency_converter_text\">)<\/span><\/li>\n<li><span class=\"currency_converter_link\" title=\"Convert this amount\">3<\/span><span class=\"currency_converter_text\"> b\u00f3ias da Extens\u00e3o Sudoeste (<\/span><span class=\"currency_converter_text\">2005<\/span><span class=\"currency_converter_text\">)<\/span><\/li>\n<li><span class=\"currency_converter_link\" title=\"Convert this amount\">2 <\/span><span class=\"currency_converter_text\">b\u00f3ias da Extens\u00e3o Nordeste (<\/span><span class=\"currency_converter_text\">2006<\/span><span class=\"currency_converter_text\">)<\/span><\/li>\n<li><span class=\"currency_converter_link\" title=\"Convert this amount\">1<\/span><span class=\"currency_converter_text\"> b\u00f3ia da Extens\u00e3o Sudeste (<\/span><span class=\"currency_converter_text\">2006<\/span><span class=\"currency_converter_text\">)<\/span><\/li>\n<\/ul>\n<p><span class=\"currency_converter_text\"><strong>Visualiza\u00e7\u00e3o dos dados<\/strong><\/span><\/p>\n<p><img decoding=\"async\" loading=\"lazy\" class=\"alignnone size-full wp-image-2729\" src=\"http:\/\/www.funceme.br\/wp-content\/uploads\/2019\/02\/icone-grafique.png\" alt=\"\" width=\"100\" height=\"74\" \/><\/p>\n<p>O site do PMEL\/NOAA disponibiliza diariamente os gr\u00e1ficos de radia\u00e7\u00e3o solar, precipita\u00e7\u00e3o, vento, umidade relativa, temperatura do ar, press\u00e3o, temperatura de superf\u00edcie do mar, temperatura de sub-superf\u00edcie, salinidade, densidade&#8230; para todas as b\u00f3ias. Na FUNCEME preparam-se outros produtos (climatologia di\u00e1ria, anomalias di\u00e1rias, anomalias normalizadas, se\u00e7\u00f5es&#8230;).<\/p>\n<p><a href=\"http:\/\/www.pmel.noaa.gov\/pirata\/display.html\" target=\"_blank\" rel=\"noopener\"><span style=\"color: #339966;\">PMEL\/NOAA<\/span><\/a><\/p>\n<p><a href=\"\/produtos\/manual\/oceanografia\/Campos_TSM\/index.php\" target=\"_blank\" rel=\"noopener\"><span style=\"font-size: small; color: #339966;\"> Dados da Rede PIRATA<\/span><\/a><\/p>\n<p><strong>Acesso aos dados<\/strong><\/p>\n<p><img decoding=\"async\" loading=\"lazy\" class=\"alignnone size-full wp-image-2730\" src=\"http:\/\/www.funceme.br\/wp-content\/uploads\/2019\/02\/sstvent.png\" alt=\"\" width=\"100\" height=\"75\" \/><\/p>\n<p><span class=\"currency_converter_text\">Todos os par\u00e2metros (radia\u00e7\u00e3o solar, precipita\u00e7\u00e3o, vento, umidade relativa, temperatura do ar, press\u00e3o, temperatura de superf\u00edcie do mar, temperatura de sub-superf\u00edcie, salinidade, densidade&#8230;) das <\/span><span class=\"currency_converter_text\"><span class=\"currency_converter_link\" title=\"Convert this amount\">10<\/span><\/span><span class=\"currency_converter_text\"> b\u00f3ias est\u00e3o atualizados diariamente.<\/span><\/p>\n<p><a href=\"http:\/\/www.pmel.noaa.gov\/tao\/data_deliv\/deliv-pir.html\" target=\"_blank\" rel=\"noopener\"><span style=\"color: #339966;\">Fazer o download dos dados<\/span><\/a><br \/>\n<strong>Informa\u00e7\u00f5es, relat\u00f3rios e publica\u00e7\u00f5es<\/strong><\/p>\n<p><img decoding=\"async\" loading=\"lazy\" class=\"alignnone size-full wp-image-2731\" src=\"http:\/\/www.funceme.br\/wp-content\/uploads\/2019\/02\/info-aieyrtqi.png\" alt=\"\" width=\"100\" height=\"75\" \/><\/p>\n<p><a href=\"http:\/\/www.brest.ird.fr\/pirata\/infos_fr.html\" target=\"_blank\" rel=\"noopener\"><span style=\"color: #339966;\">Relat\u00f3rios dos cruzeiros e das reuni\u00f5es PIRATA<\/span><\/a><\/p>\n<p><a href=\"\/index.php\/areas\/579-publica%C3%A7%C3%B5es-pirata\" target=\"_blank\" rel=\"noopener\"><span style=\"color: #339966;\">Publica\u00e7\u00f5es ligadas ao projeto PIRATA<\/span><\/a><\/p>\n<p>&nbsp;<\/p>\n<p><strong>Outros sites do Projeto PIRATA<\/strong><\/p>\n<p>\u2022 <a href=\"http:\/\/www.pmel.noaa.gov\/pirata\/\" target=\"_blank\" rel=\"noopener\"><span style=\"color: #339966;\"><img decoding=\"async\" loading=\"lazy\" class=\"alignnone size-full wp-image-2732\" src=\"http:\/\/www.funceme.br\/wp-content\/uploads\/2019\/02\/usa.png\" alt=\"\" width=\"16\" height=\"10\" \/> Site do PMEL-NOAA (Seattle, USA)<\/span><\/a><\/p>\n<p>\u2022\u00a0<a href=\"http:\/\/www.brest.ird.fr\/pirata\/piratafr.html\" target=\"_blank\" rel=\"noopener\"><span style=\"color: #339966;\"><img decoding=\"async\" loading=\"lazy\" class=\"alignnone size-full wp-image-2733\" src=\"http:\/\/www.funceme.br\/wp-content\/uploads\/2019\/02\/fr.png\" alt=\"\" width=\"14\" height=\"10\" \/> Site do IRD (Brest, FR)<\/span><\/a><\/p>\n<p>\u2022\u00a0<a href=\"http:\/\/satelite.cptec.inpe.br\/pirata\/\" target=\"_blank\" rel=\"noopener\"><span style=\"color: #339966;\"><img decoding=\"async\" loading=\"lazy\" class=\"alignnone size-full wp-image-2734\" src=\"http:\/\/www.funceme.br\/wp-content\/uploads\/2019\/02\/br.png\" alt=\"\" width=\"16\" height=\"10\" \/> Site do INPE (S.J.dos Campos, BR)<\/span><\/a><\/p>\n<p>&nbsp;<\/p>\n<p><strong>Entre em contado conosco<\/strong><\/p>\n<p><a href=\"\/index.php\/apresenta\u00e7\u00f5es-downloads\/apresentaes-para-download\/jacques-servain\/download\" target=\"_blank\" rel=\"noopener\"><span style=\"color: #339966;\">Jacques Servain<\/span><\/a><\/p>\n<p>&nbsp;<\/p>\n<p><strong>Ocean\u00f3grafo F\u00edsico<\/strong><\/p>\n<p><strong>\u00a0<\/strong><\/p>\n<p><strong>Fone:<\/strong><span class=\"currency_converter_text\"> +<\/span><span class=\"currency_converter_link\" title=\"Convert this amount\">55<\/span><span class=\"currency_converter_text\"> (<\/span><span class=\"currency_converter_link\" title=\"Convert this amount\">85<\/span><span class=\"currency_converter_text\">) <\/span><span class=\"currency_converter_link\" title=\"Convert this amount\">3433.1844<\/span><br \/>\n<strong>Fax:<\/strong><span class=\"currency_converter_text\"> +<\/span><span class=\"currency_converter_link\" title=\"Convert this amount\">55<\/span><span class=\"currency_converter_text\"> (<\/span><span class=\"currency_converter_link\" title=\"Convert this amount\">85<\/span><span class=\"currency_converter_text\">) <\/span><span class=\"currency_converter_link\" title=\"Convert this amount\">3433.1810<\/span><br \/>\n<strong>Secretaria:<\/strong><span class=\"currency_converter_text\"> +<\/span><span class=\"currency_converter_link\" title=\"Convert this amount\">55<\/span><span class=\"currency_converter_text\">(<\/span><span class=\"currency_converter_link\" title=\"Convert this amount\">85<\/span><span class=\"currency_converter_text\">) <\/span><span class=\"currency_converter_link\" title=\"Convert this amount\">3433.1845<\/span><\/p>\n<p><span class=\"currency_converter_link\" title=\"Convert this amount\">\u00a0<\/span><\/p>\n<p><strong>FUNCEME<\/strong><br \/>\n<span class=\"currency_converter_text\">Av Rui Barbosa, <\/span><span class=\"currency_converter_link\" title=\"Convert this amount\">1246<\/span><span class=\"currency_converter_text\">. Aldeota<\/span><br \/>\n<span class=\"currency_converter_text\"><span class=\"currency_converter_link\" title=\"Convert this amount\">60115<\/span><\/span><span class=\"currency_converter_text\">&#8211;<\/span><span class=\"currency_converter_text\"><span class=\"currency_converter_link\" title=\"Convert this amount\">221<\/span><\/span><span class=\"currency_converter_text\"> &#8211; Fortaleza<\/span><br \/>\nCE &#8211; Brasil<\/p>\n<p>&nbsp;<\/p>\n","protected":false},"excerpt":{"rendered":"<p>\u00c9 um programa de oceanografia. O objetivo do Programa PIRATA \u00e9 estudar as intera\u00e7\u00f5es oceano-atmosfera no Atl\u00e2ntico tropical e os seus impactos O PIRATA (Pilot Research Moored Array in the Tropical Atlantic) \u00e9 um programa de oceanografia operacional elaborado por um grupo de cientistas envolvidos nas atividades do CLIVAR\u00a0 (Climate Variability and Predictability Program) e [&hellip;]<\/p>\n","protected":false},"author":1,"featured_media":0,"parent":2122,"menu_order":0,"comment_status":"closed","ping_status":"closed","template":"","meta":[],"acf":[],"_links":{"self":[{"href":"http:\/\/www.funceme.br\/index.php?rest_route=\/wp\/v2\/pages\/2726"}],"collection":[{"href":"http:\/\/www.funceme.br\/index.php?rest_route=\/wp\/v2\/pages"}],"about":[{"href":"http:\/\/www.funceme.br\/index.php?rest_route=\/wp\/v2\/types\/page"}],"author":[{"embeddable":true,"href":"http:\/\/www.funceme.br\/index.php?rest_route=\/wp\/v2\/users\/1"}],"replies":[{"embeddable":true,"href":"http:\/\/www.funceme.br\/index.php?rest_route=%2Fwp%2Fv2%2Fcomments&post=2726"}],"version-history":[{"count":3,"href":"http:\/\/www.funceme.br\/index.php?rest_route=\/wp\/v2\/pages\/2726\/revisions"}],"predecessor-version":[{"id":4623,"href":"http:\/\/www.funceme.br\/index.php?rest_route=\/wp\/v2\/pages\/2726\/revisions\/4623"}],"up":[{"embeddable":true,"href":"http:\/\/www.funceme.br\/index.php?rest_route=\/wp\/v2\/pages\/2122"}],"wp:attachment":[{"href":"http:\/\/www.funceme.br\/index.php?rest_route=%2Fwp%2Fv2%2Fmedia&parent=2726"}],"curies":[{"name":"wp","href":"https:\/\/api.w.org\/{rel}","templated":true}]}}