{"id":2736,"date":"2019-02-12T13:57:58","date_gmt":"2019-02-12T16:57:58","guid":{"rendered":"http:\/\/wp.funceme.br\/?page_id=2736"},"modified":"2019-05-03T15:36:44","modified_gmt":"2019-05-03T18:36:44","slug":"espelho-dagua","status":"publish","type":"page","link":"http:\/\/www.funceme.br\/?page_id=2736","title":{"rendered":"Espelho d&#8217;\u00c1gua"},"content":{"rendered":"<p>&nbsp;<\/p>\n<p>O<span class=\"currency_converter_text\"> Minist\u00e9rio da Integra\u00e7\u00e3o Nacional (MI) iniciou em <\/span><span class=\"currency_converter_text\">2004<\/span><span class=\"currency_converter_text\"> uma s\u00e9rie de a\u00e7\u00f5es na tentativa de minimizar riscos associados \u00e0s barragens e assim reduzir a ocorr\u00eancia de acidentes envolvendo essas estruturas em todo o Brasil.<\/span><\/p>\n<h4><\/h4>\n<h4>MAPEAMENTO DOS ESPELHOS D&#8217;\u00c1GUA DO BRASIL<\/h4>\n<h4><\/h4>\n<h4><strong>Parceria entre FUNCEME, Minist\u00e9rio da Integra\u00e7\u00e3o e Agencia Nacional de \u00c1guas gera mapa dos recursos h\u00eddricos superficiais do Brasil<\/strong><\/h4>\n<p>&nbsp;<\/p>\n<div id=\"subtitulo\"><em><span class=\"currency_converter_text\">Utiliza\u00e7\u00e3o de geotecnologias ajuda a FUNCEME na identifica\u00e7\u00e3o de <\/span><span class=\"currency_converter_link\" title=\"Convert this amount\">23.036<\/span><span class=\"currency_converter_text\"> espelhos d&#8217;\u00e1gua no Pa\u00eds<\/span><\/em><\/div>\n<div>\n<p><strong>O<\/strong><span class=\"currency_converter_text\"> Minist\u00e9rio da Integra\u00e7\u00e3o Nacional (MI) iniciou em <\/span><span class=\"currency_converter_text\">2004<\/span><span class=\"currency_converter_text\"> uma s\u00e9rie de a\u00e7\u00f5es na tentativa de minimizar riscos associados \u00e0s barragens e assim reduzir a ocorr\u00eancia de acidentes envolvendo essas estruturas em todo o Brasil. Esse conjunto de a\u00e7\u00f5es constituiu-se no Projeto de Seguran\u00e7a de Barragens. Um dos maiores entraves encontrados foi o total desconhecimento do poder p\u00fablico sobre o n\u00famero, a localiza\u00e7\u00e3o, a condi\u00e7\u00e3o f\u00edsica e os respons\u00e1veis pelas barragens brasileiras.<\/span><\/p>\n<\/div>\n<p><span class=\"currency_converter_text\"> Concluiu-se pela necessidade de uma pr\u00e9-identifica\u00e7\u00e3o das barragens de forma extensiva em todo o territ\u00f3rio brasileiro e este foi o desafio que direcionou o Minist\u00e9rio da Integra\u00e7\u00e3o Nacional (MI) a fazer um conv\u00eanio com a FUNCEME para mapear os espelhos d\u2019\u00e1gua do Brasil, motivado pela larga experi\u00eancia, desta institui\u00e7\u00e3o, na execu\u00e7\u00e3o de trabalhos similares. Foram investidos R$ <\/span><span class=\"currency_converter_link\" title=\"Convert this amount\">975<\/span><span class=\"currency_converter_text\"> mil no projeto, <\/span><span class=\"currency_converter_text\"><span class=\"currency_converter_link\" title=\"Convert this amount\">10<\/span><\/span><span class=\"currency_converter_text\">% pela Funceme e o restante pelo Minist\u00e9rio da Integra\u00e7\u00e3o Nacional. \u00a0<a href=\"http:\/\/www.funceme.br\/index.php\/projetos-downloads\/projetos\/espelhos-d-\u00e1gua\/download\"> <strong>Leia mais&#8230;<\/strong><\/a><br \/>\n<\/span><\/p>\n<div><strong>Para acessar o GEOproduto <a href=\"http:\/\/map.funceme.br\/espelhos\" target=\"_blank\" rel=\"noopener\">clique aqui <\/a><\/strong><strong><span class=\"currency_converter_text\">(OBS: melhor observado no Firefox <\/span><span class=\"currency_converter_link\" title=\"Convert this amount\">3<\/span><span class=\"currency_converter_text\"> e I.Explorer <\/span><span class=\"currency_converter_link\" title=\"Convert this amount\">7<\/span><span class=\"currency_converter_text\">)<\/span><\/strong><\/div>\n<div><img decoding=\"async\" loading=\"lazy\" class=\"alignnone wp-image-2737\" src=\"http:\/\/www.funceme.br\/wp-content\/uploads\/2019\/02\/espelhos-600x380.jpg\" alt=\"\" width=\"552\" height=\"350\" srcset=\"http:\/\/www.funceme.br\/wp-content\/uploads\/2019\/02\/espelhos-600x380.jpg 600w, http:\/\/www.funceme.br\/wp-content\/uploads\/2019\/02\/espelhos-768x486.jpg 768w, http:\/\/www.funceme.br\/wp-content\/uploads\/2019\/02\/espelhos-1200x759.jpg 1200w, http:\/\/www.funceme.br\/wp-content\/uploads\/2019\/02\/espelhos.jpg 1280w\" sizes=\"(max-width: 552px) 100vw, 552px\" \/><\/div>\n<div>\n<div><strong>Resultados:<\/strong><\/div>\n<div><\/div>\n<div><span class=\"currency_converter_text\">Distribui\u00e7\u00e3o dos Espelhos d\u2019\u00e1gua (naturais e artificiais) acima de <\/span><span class=\"currency_converter_link\" title=\"Convert this amount\">20<\/span><span class=\"currency_converter_text\"> hectares por Unidades Territoriais do Brasil.<\/span><\/div>\n<\/div>\n<div><\/div>\n<div><img decoding=\"async\" loading=\"lazy\" class=\"alignnone size-full wp-image-2738\" src=\"http:\/\/www.funceme.br\/wp-content\/uploads\/2019\/02\/tabela.jpg\" alt=\"\" width=\"500\" height=\"700\" \/><\/div>\n<div>\n<div><span class=\"currency_converter_text\">Distribui\u00e7\u00e3o dos tipos (artificial\/natural) dos reservat\u00f3rios de <\/span><span class=\"currency_converter_link\" title=\"Convert this amount\">20<\/span><span class=\"currency_converter_text\"> hectares por Regi\u00e3o do Brasil.<\/span><\/div>\n<div><img decoding=\"async\" loading=\"lazy\" class=\"alignnone size-full wp-image-2739\" src=\"http:\/\/www.funceme.br\/wp-content\/uploads\/2019\/02\/distribuicao.jpg\" alt=\"\" width=\"500\" height=\"400\" \/><\/div>\n<div><img decoding=\"async\" loading=\"lazy\" class=\"alignnone wp-image-2740\" src=\"http:\/\/www.funceme.br\/wp-content\/uploads\/2019\/02\/reservatorios-600x400.jpg\" alt=\"\" width=\"471\" height=\"314\" \/><\/div>\n<\/div>\n<div>\n<div><\/div>\n<\/div>\n","protected":false},"excerpt":{"rendered":"<p>&nbsp; O Minist\u00e9rio da Integra\u00e7\u00e3o Nacional (MI) iniciou em 2004 uma s\u00e9rie de a\u00e7\u00f5es na tentativa de minimizar riscos associados \u00e0s barragens e assim reduzir a ocorr\u00eancia de acidentes envolvendo essas estruturas em todo o Brasil. MAPEAMENTO DOS ESPELHOS D&#8217;\u00c1GUA DO BRASIL Parceria entre FUNCEME, Minist\u00e9rio da Integra\u00e7\u00e3o e Agencia Nacional de \u00c1guas gera mapa [&hellip;]<\/p>\n","protected":false},"author":1,"featured_media":0,"parent":2122,"menu_order":0,"comment_status":"closed","ping_status":"closed","template":"","meta":[],"acf":[],"_links":{"self":[{"href":"http:\/\/www.funceme.br\/index.php?rest_route=\/wp\/v2\/pages\/2736"}],"collection":[{"href":"http:\/\/www.funceme.br\/index.php?rest_route=\/wp\/v2\/pages"}],"about":[{"href":"http:\/\/www.funceme.br\/index.php?rest_route=\/wp\/v2\/types\/page"}],"author":[{"embeddable":true,"href":"http:\/\/www.funceme.br\/index.php?rest_route=\/wp\/v2\/users\/1"}],"replies":[{"embeddable":true,"href":"http:\/\/www.funceme.br\/index.php?rest_route=%2Fwp%2Fv2%2Fcomments&post=2736"}],"version-history":[{"count":4,"href":"http:\/\/www.funceme.br\/index.php?rest_route=\/wp\/v2\/pages\/2736\/revisions"}],"predecessor-version":[{"id":4624,"href":"http:\/\/www.funceme.br\/index.php?rest_route=\/wp\/v2\/pages\/2736\/revisions\/4624"}],"up":[{"embeddable":true,"href":"http:\/\/www.funceme.br\/index.php?rest_route=\/wp\/v2\/pages\/2122"}],"wp:attachment":[{"href":"http:\/\/www.funceme.br\/index.php?rest_route=%2Fwp%2Fv2%2Fmedia&parent=2736"}],"curies":[{"name":"wp","href":"https:\/\/api.w.org\/{rel}","templated":true}]}}