{"id":3376,"date":"2019-02-20T12:02:25","date_gmt":"2019-02-20T15:02:25","guid":{"rendered":"http:\/\/wp.funceme.br\/?page_id=3376"},"modified":"2025-06-04T13:52:59","modified_gmt":"2025-06-04T16:52:59","slug":"recursos-hidricos","status":"publish","type":"page","link":"http:\/\/www.funceme.br\/?page_id=3376","title":{"rendered":"RECURSOS H\u00cdDRICOS"},"content":{"rendered":"<div class=\"row\">\n<div class=\"Card  Calendario  BgVerde  row\">\n<div class=\"dt-9\">\n            &nbsp;<\/p>\n<h3><b>RECURSOS H\u00cdDRICOS<\/b><\/h3>\n<\/p><\/div>\n<\/p><\/div>\n<p>    &nbsp;<\/p>\n<ul class=\"ListaEst col2\">\n<li><a href=\"http:\/\/www.hidro.ce.gov.br\/\" target=\"blank\" rel=\"noopener noreferrer\"> PORTAL HIDROL\u00d3GICO <\/a><\/li>\n<li><a href=\"https:\/\/siga.funceme.br\/\" target=\"blank\" rel=\"noopener noreferrer\"> GERENCIAMENTO DE ALOCA\u00c7\u00c3O DE \u00c1GUA (SIGA) <\/a><\/li>\n<\/ul>\n<\/div>\n","protected":false},"excerpt":{"rendered":"<p>&nbsp; RECURSOS H\u00cdDRICOS &nbsp; PORTAL HIDROL\u00d3GICO GERENCIAMENTO DE ALOCA\u00c7\u00c3O DE \u00c1GUA (SIGA)<\/p>\n","protected":false},"author":4,"featured_media":0,"parent":3377,"menu_order":1,"comment_status":"closed","ping_status":"closed","template":"pagina-lista-filhas.php","meta":[],"acf":[],"_links":{"self":[{"href":"http:\/\/www.funceme.br\/index.php?rest_route=\/wp\/v2\/pages\/3376"}],"collection":[{"href":"http:\/\/www.funceme.br\/index.php?rest_route=\/wp\/v2\/pages"}],"about":[{"href":"http:\/\/www.funceme.br\/index.php?rest_route=\/wp\/v2\/types\/page"}],"author":[{"embeddable":true,"href":"http:\/\/www.funceme.br\/index.php?rest_route=\/wp\/v2\/users\/4"}],"replies":[{"embeddable":true,"href":"http:\/\/www.funceme.br\/index.php?rest_route=%2Fwp%2Fv2%2Fcomments&post=3376"}],"version-history":[{"count":14,"href":"http:\/\/www.funceme.br\/index.php?rest_route=\/wp\/v2\/pages\/3376\/revisions"}],"predecessor-version":[{"id":14214,"href":"http:\/\/www.funceme.br\/index.php?rest_route=\/wp\/v2\/pages\/3376\/revisions\/14214"}],"up":[{"embeddable":true,"href":"http:\/\/www.funceme.br\/index.php?rest_route=\/wp\/v2\/pages\/3377"}],"wp:attachment":[{"href":"http:\/\/www.funceme.br\/index.php?rest_route=%2Fwp%2Fv2%2Fmedia&parent=3376"}],"curies":[{"name":"wp","href":"https:\/\/api.w.org\/{rel}","templated":true}]}}