{"id":3385,"date":"2019-02-20T12:15:00","date_gmt":"2019-02-20T15:15:00","guid":{"rendered":"http:\/\/wp.funceme.br\/?page_id=3385"},"modified":"2019-02-20T14:10:29","modified_gmt":"2019-02-20T17:10:29","slug":"agricultura","status":"publish","type":"page","link":"http:\/\/www.funceme.br\/?page_id=3385","title":{"rendered":"AGRICULTURA"},"content":{"rendered":"<div class=\"row\">\n<div class=\"Card  Calendario  BgVerde  row\">\n<div class=\"dt-9\">\n            &nbsp;<\/p>\n<h3><b>AGRICULTURA<\/b><\/h3>\n<\/p><\/div>\n<\/p><\/div>\n<p>    &nbsp;<\/p>\n<ul class=\"ListaEst col2\">\n<li><a href=\"?page_id=2753\">PROBABILIDADE DE LUCROS EM PLANTIOS<\/a><\/li>\n<li><a href=\"?page_id=2755\">SISTEMA DE INFORMA\u00c7\u00d5ES METEOROL\u00d3GICAS PARA IRRIGA\u00c7\u00c3O<\/a><\/li>\n<\/ul>\n<\/div>\n","protected":false},"excerpt":{"rendered":"<p>&nbsp; AGRICULTURA &nbsp; PROBABILIDADE DE LUCROS EM PLANTIOS SISTEMA DE INFORMA\u00c7\u00d5ES METEOROL\u00d3GICAS PARA IRRIGA\u00c7\u00c3O<\/p>\n","protected":false},"author":4,"featured_media":0,"parent":3377,"menu_order":2,"comment_status":"closed","ping_status":"closed","template":"pagina-lista-filhas.php","meta":[],"acf":[],"_links":{"self":[{"href":"http:\/\/www.funceme.br\/index.php?rest_route=\/wp\/v2\/pages\/3385"}],"collection":[{"href":"http:\/\/www.funceme.br\/index.php?rest_route=\/wp\/v2\/pages"}],"about":[{"href":"http:\/\/www.funceme.br\/index.php?rest_route=\/wp\/v2\/types\/page"}],"author":[{"embeddable":true,"href":"http:\/\/www.funceme.br\/index.php?rest_route=\/wp\/v2\/users\/4"}],"replies":[{"embeddable":true,"href":"http:\/\/www.funceme.br\/index.php?rest_route=%2Fwp%2Fv2%2Fcomments&post=3385"}],"version-history":[{"count":5,"href":"http:\/\/www.funceme.br\/index.php?rest_route=\/wp\/v2\/pages\/3385\/revisions"}],"predecessor-version":[{"id":3419,"href":"http:\/\/www.funceme.br\/index.php?rest_route=\/wp\/v2\/pages\/3385\/revisions\/3419"}],"up":[{"embeddable":true,"href":"http:\/\/www.funceme.br\/index.php?rest_route=\/wp\/v2\/pages\/3377"}],"wp:attachment":[{"href":"http:\/\/www.funceme.br\/index.php?rest_route=%2Fwp%2Fv2%2Fmedia&parent=3385"}],"curies":[{"name":"wp","href":"https:\/\/api.w.org\/{rel}","templated":true}]}}