{"id":352,"date":"2018-10-24T16:22:30","date_gmt":"2018-10-24T19:22:30","guid":{"rendered":"http:\/\/localhost\/wp-funceme\/?page_id=352"},"modified":"2025-08-18T11:53:13","modified_gmt":"2025-08-18T14:53:13","slug":"apresentacao","status":"publish","type":"page","link":"http:\/\/www.funceme.br\/?page_id=352","title":{"rendered":"Apresenta\u00e7\u00e3o"},"content":{"rendered":"<ul class=\"CategoriasNoticias\">\n<li>\n  <a href=\"#\"><strong>INSTITUCIONAL<\/strong><\/a>\n <\/li>\n<\/ul>\n<h2 class=\"-bold\"><strong>Apresenta\u00e7\u00e3o<\/strong><\/h2>\n<p>&nbsp;<\/p>\n<p>Criada em 18 de setembro de 1972 com o nome de Funda\u00e7\u00e3o Cearense de Meteorologia e Chuvas Artificiais, o \u00f3rg\u00e3o estadual iniciou suas atividades a partir da necessidade de encontrar sa\u00eddas para as severas secas que assolavam o Cear\u00e1. Com o avan\u00e7o das pesquisas em torno do bombardeamento de nuvens, a comunidade acad\u00eamica da Universidade Federal do Cear\u00e1 (UFC) criou o Bureau de Estudos das Secas, agregado \u00e0 Faculdade de Farm\u00e1cia e Odontologia.<\/p>\n<p>&nbsp;<br \/>\nAp\u00f3s 15 anos dedicando-se aos estudos das modifica\u00e7\u00f5es artificiais do tempo, atrav\u00e9s das t\u00e9cnicas de nuclea\u00e7\u00e3o artificial de nuvens e da climatologia do Cear\u00e1, foi criada, em 1987, a atual estrutura, modificando o nome da institui\u00e7\u00e3o para <strong>Funda\u00e7\u00e3o Cearense de Meteorologia e Recursos H\u00eddricos (Funceme)<\/strong>, integrando hoje a Secretaria dos Recursos H\u00eddricos do Cear\u00e1 (SRH).<\/p>\n<p>&nbsp;<br \/>\nCom 53 anos de hist\u00f3ria, a Funceme firmou-se como uma das mais importantes institui\u00e7\u00f5es no \u00e2mbito da pesquisa e desenvolvimento em Meteorologia, Recursos H\u00eddricos e Meio Ambiente do Brasil. Os estudos realizados pelo \u00f3rg\u00e3o v\u00eam colaborando n\u00e3o somente para o Estado do Cear\u00e1, mas tamb\u00e9m para a regi\u00e3o Nordeste, sendo reconhecida at\u00e9 mesmo internacionalmente pelos seus resultados junto \u00e0 sociedade, comunidade cient\u00edfica e \u00f3rg\u00e3os p\u00fablicos.<\/p>\n<p>&nbsp;<br \/>\nAo longo do tempo, a utilidade da informa\u00e7\u00e3o cient\u00edfica evoluiu em um processo que se fortaleceu a partir do in\u00edcio dos anos 2000. A institui\u00e7\u00e3o passou a estruturar seus produtos, projetos e programas pensando em uma estrat\u00e9gia que partia das necessidades do usu\u00e1rio. Atualmente, o desenvolvimento de ferramentas e tecnologias que possam ajudar a gest\u00e3o p\u00fablica, pesquisadores e a sociedade em geral t\u00eam sido um dos diferenciais da Funceme.<\/p>\n<p>&nbsp;<\/p>\n<p>Destaque dentro de fora do Pa\u00eds, o N\u00facleo de Meteorologia da Funceme conta a expertise de seu corpo t\u00e9cnico e de computadores para processamento de alto desempenho, al\u00e9m de um sistema de monitoramento de chuvas com 550 postos pluviom\u00e9tricos convencionais. J\u00e1 o N\u00facleo de Recursos H\u00eddricos e Meio Ambiente tem sido respons\u00e1vel pela cartografia tem\u00e1tica do Cear\u00e1 e por importantes estudos sobre recursos naturais. As informa\u00e7\u00f5es geradas pelas pesquisas e tecnologias ainda podem ser acessadas por meio de aplicativos gratuitos como o Funceme Tempo, Monitor de Secas do Nordeste, Funceme Mar\u00e9s, Portal Hidrol\u00f3gico, entre outros.<\/p>\n<p>&nbsp;<\/p>\n<p>Entre as in\u00fameras a\u00e7\u00f5es desenvolvidas por seus setores, podem se destacar o monitoramento de eventos extremos na escala de tempo ou cheias e na escala de clima ou secas; a estrutura\u00e7\u00e3o de um robusto sistema de previs\u00e3o sazonal de clima; a avalia\u00e7\u00e3o dos impactos da variabilidade clim\u00e1tica nos setores de recursos h\u00eddricos e agricultura; o desenvolvimento de Sistemas de Suporte \u00e0 Decis\u00e3o (SSD) para o setor de recursos H\u00eddricos; e a constru\u00e7\u00e3o de planos de conting\u00eancia de secas para reservat\u00f3rios.<\/p>\n<style>\n.cc-bootstrap-wrapper .modal {\n    z-index: 10001;\n    background-color: #000000c0;<\/p>\n<p>}\n.pmodal {\n\tfont-size: 10px ! important;\n\ttext-align: justify;\n}\n<\/style>\n<p><script src=\"https:\/\/ajax.googleapis.com\/ajax\/libs\/jquery\/3.5.1\/jquery.min.js\"><\/script><\/p>\n<div class=\"cc-bootstrap-wrapper\" >\n<div class=\"modal fade modal-open\" id=\"myModal\">\n<div class=\"modal-dialog\">\n<div class=\"modal-content\">\n<div class=\"modal-header bg-success mt-0\">\n<h4 class=\"modal-title\"><b>Aviso Importante!<\/b><\/h4>\n<p>                    <button type=\"button\" class=\"close\" data-dismiss=\"modal\">&times;<\/button>\n                <\/div>\n<div class=\"modal-body pmodal\"\">\n<p><b>Caros usu\u00e1rios,<\/b><\/p>\n<p >Gostar\u00edamos de informar que, devido a uma manuten\u00e7\u00e3o programada e essencial, nossos sistemas estar\u00e3o temporariamente indispon\u00edveis a partir de <b>06\/10\/2023 \u00e0s 17h30<\/b> at\u00e9 <b>08\/10\/2023<\/b>. Durante esse per\u00edodo, n\u00e3o ser\u00e1 poss\u00edvel acessar nossos servi\u00e7os online. <\/p>\n<p>Estamos comprometidos em restaurar nossos servi\u00e7os o mais r\u00e1pido poss\u00edvel. Se voc\u00ea tiver alguma d\u00favida, entre em contato conosco atrav\u00e9s do telefone <b>(85) 3101.1130<\/b>.<\/p>\n<p><b>Atenciosamente,<\/b><br \/>\nA Equipe de TIC da FUNCEME.<\/p>\n<\/p><\/div>\n<div class=\"modal-footer\">\n                    <button type=\"button\" class=\"btn btn-danger\" data-dismiss=\"modal\">Fechar<\/button>\n                <\/div>\n<\/p><\/div>\n<\/p><\/div>\n<\/p><\/div>\n<\/div>\n<p><script>\n    \/\/$(document).ready(function(){\n    \/\/    $(\"#myModal\").modal('show');\n    \/\/});\n<\/script><\/p>\n","protected":false},"excerpt":{"rendered":"<p>INSTITUCIONAL Apresenta\u00e7\u00e3o &nbsp; Criada em 18 de setembro de 1972 com o nome de Funda\u00e7\u00e3o Cearense de Meteorologia e Chuvas Artificiais, o \u00f3rg\u00e3o estadual iniciou suas atividades a partir da necessidade de encontrar sa\u00eddas para as severas secas que assolavam o Cear\u00e1. Com o avan\u00e7o das pesquisas em torno do bombardeamento de nuvens, a comunidade [&hellip;]<\/p>\n","protected":false},"author":1,"featured_media":0,"parent":374,"menu_order":1,"comment_status":"closed","ping_status":"closed","template":"","meta":[],"acf":[],"_links":{"self":[{"href":"http:\/\/www.funceme.br\/index.php?rest_route=\/wp\/v2\/pages\/352"}],"collection":[{"href":"http:\/\/www.funceme.br\/index.php?rest_route=\/wp\/v2\/pages"}],"about":[{"href":"http:\/\/www.funceme.br\/index.php?rest_route=\/wp\/v2\/types\/page"}],"author":[{"embeddable":true,"href":"http:\/\/www.funceme.br\/index.php?rest_route=\/wp\/v2\/users\/1"}],"replies":[{"embeddable":true,"href":"http:\/\/www.funceme.br\/index.php?rest_route=%2Fwp%2Fv2%2Fcomments&post=352"}],"version-history":[{"count":95,"href":"http:\/\/www.funceme.br\/index.php?rest_route=\/wp\/v2\/pages\/352\/revisions"}],"predecessor-version":[{"id":14318,"href":"http:\/\/www.funceme.br\/index.php?rest_route=\/wp\/v2\/pages\/352\/revisions\/14318"}],"up":[{"embeddable":true,"href":"http:\/\/www.funceme.br\/index.php?rest_route=\/wp\/v2\/pages\/374"}],"wp:attachment":[{"href":"http:\/\/www.funceme.br\/index.php?rest_route=%2Fwp%2Fv2%2Fmedia&parent=352"}],"curies":[{"name":"wp","href":"https:\/\/api.w.org\/{rel}","templated":true}]}}