{"id":3714,"date":"2019-04-12T10:53:22","date_gmt":"2019-04-12T13:53:22","guid":{"rendered":"http:\/\/www.funceme.br\/?page_id=3714"},"modified":"2022-01-06T13:12:27","modified_gmt":"2022-01-06T16:12:27","slug":"acesso-a-informacao","status":"publish","type":"page","link":"http:\/\/www.funceme.br\/?page_id=3714","title":{"rendered":"ACESSO \u00c0 INFORMA\u00c7\u00c3O"},"content":{"rendered":"","protected":false},"excerpt":{"rendered":"","protected":false},"author":1,"featured_media":0,"parent":0,"menu_order":0,"comment_status":"open","ping_status":"open","template":"pagina-lista-filhas.php","meta":[],"acf":[],"_links":{"self":[{"href":"http:\/\/www.funceme.br\/index.php?rest_route=\/wp\/v2\/pages\/3714"}],"collection":[{"href":"http:\/\/www.funceme.br\/index.php?rest_route=\/wp\/v2\/pages"}],"about":[{"href":"http:\/\/www.funceme.br\/index.php?rest_route=\/wp\/v2\/types\/page"}],"author":[{"embeddable":true,"href":"http:\/\/www.funceme.br\/index.php?rest_route=\/wp\/v2\/users\/1"}],"replies":[{"embeddable":true,"href":"http:\/\/www.funceme.br\/index.php?rest_route=%2Fwp%2Fv2%2Fcomments&post=3714"}],"version-history":[{"count":3,"href":"http:\/\/www.funceme.br\/index.php?rest_route=\/wp\/v2\/pages\/3714\/revisions"}],"predecessor-version":[{"id":6850,"href":"http:\/\/www.funceme.br\/index.php?rest_route=\/wp\/v2\/pages\/3714\/revisions\/6850"}],"wp:attachment":[{"href":"http:\/\/www.funceme.br\/index.php?rest_route=%2Fwp%2Fv2%2Fmedia&parent=3714"}],"curies":[{"name":"wp","href":"https:\/\/api.w.org\/{rel}","templated":true}]}}