{"id":4082,"date":"2019-03-28T12:41:15","date_gmt":"2019-03-28T15:41:15","guid":{"rendered":"http:\/\/www.funceme.br\/?page_id=4082"},"modified":"2026-04-24T09:05:13","modified_gmt":"2026-04-24T12:05:13","slug":"relatorios-de-monitoramento-de-implementacao-da-lai","status":"publish","type":"page","link":"http:\/\/www.funceme.br\/?page_id=4082","title":{"rendered":"Relat\u00f3rios de Monitoramento de Implementa\u00e7\u00e3o da LAI"},"content":{"rendered":"<h2><strong><span style=\"color: #fc6836;\">Relat\u00f3rios de Monitoramento de Implementa\u00e7\u00e3o da LAI<\/span><\/strong><\/h2>\n<p>&nbsp;<\/p>\n<p>Os relat\u00f3rios a seguir tratam do monitoramento da Funda\u00e7\u00e3o Cearense de Meteorologia e Recursos H\u00eddricos (Funceme) quanto \u00e0 implementa\u00e7\u00e3o e cumprimento da Lei Estadual n\u00ba 15.175\/2012, em conformidade ao disposto no art. 2\u00ba do Decreto n\u00ba 31.199, de 30 de abril de 2013.<\/p>\n<p>&nbsp;<\/p>\n<ul class=\"ListaDecorada\">\n<li><a target=\"_blank\" href=\"http:\/\/www.funceme.br\/wp-content\/uploads\/2026\/04\/Relatorio_LAI_Funceme_2025.pdf\" rel=\"noopener noreferrer\">Relat\u00f3rio de Monitoramento de Implementa\u00e7\u00e3o da LAI 2025<\/a><\/li>\n<li><a target=\"_blank\" href=\"http:\/\/www.funceme.br\/wp-content\/uploads\/2025\/04\/Relatorio_LAI_Funceme_2024.pdf\" rel=\"noopener noreferrer\">Relat\u00f3rio de Monitoramento de Implementa\u00e7\u00e3o da LAI 2024<\/a><\/li>\n<li><a target=\"_blank\" href=\"http:\/\/www.funceme.br\/wp-content\/uploads\/2024\/03\/Relatorio_LAI_Funceme_2023.pdf\" rel=\"noopener noreferrer\">Relat\u00f3rio de Monitoramento de Implementa\u00e7\u00e3o da LAI 2023<\/a><\/li>\n<li><a target=\"_blank\" href=\"http:\/\/www.funceme.br\/wp-content\/uploads\/2023\/03\/Relatorio_LAI_Funceme_2022.pdf\" rel=\"noopener noreferrer\">Relat\u00f3rio de Monitoramento de Implementa\u00e7\u00e3o da LAI 2022<\/a><\/li>\n<li><a target=\"_blank\" href=\"http:\/\/www.funceme.br\/wp-content\/uploads\/2022\/03\/Relatorio_LAI_Funceme_2021.pdf\" rel=\"noopener noreferrer\">Relat\u00f3rio de Monitoramento de Implementa\u00e7\u00e3o da LAI 2021<\/a><\/li>\n<li><a target=\"_blank\" href=\"http:\/\/www.funceme.br\/wp-content\/uploads\/2021\/02\/Relatorio_LAI_Funceme_2020-1.pdf\" rel=\"noopener noreferrer\">Relat\u00f3rio de Monitoramento de Implementa\u00e7\u00e3o da LAI 2020<\/a><\/li>\n<li><a target=\"_blank\" href=\"http:\/\/www.funceme.br\/wp-content\/uploads\/2020\/03\/Relatorio_LAI_Funceme_2019.pdf\" rel=\"noopener noreferrer\">Relat\u00f3rio de Monitoramento de Implementa\u00e7\u00e3o da LAI 2019<\/a><\/li>\n<li><a target=\"_blank\" href=\"http:\/\/www.funceme.br\/wp-content\/uploads\/2019\/03\/Relatorio_de_Monitoramento_de_Implementacao_da_LAI_Funceme_2018.pdf\" rel=\"noopener noreferrer\">Relat\u00f3rio de Monitoramento de Implementa\u00e7\u00e3o da LAI 2018<\/a><\/li>\n<li><a target=\"_blank\" href=\"http:\/\/www.funceme.br\/wp-content\/uploads\/2019\/03\/Relatorio_de_Monitoramento_de_Implementacao_da_LAI_FUNCEME_2017.pdf\" rel=\"noopener noreferrer\">Relat\u00f3rio de Monitoramento de Implementa\u00e7\u00e3o da LAI 2017<\/a><\/li>\n<li><a target=\"_blank\" href=\"http:\/\/www.funceme.br\/wp-content\/uploads\/2019\/03\/Relatorio_de_Monitoramento_de_Implementacao_da_-LAI_FUNCEME_2016.pdf\" rel=\"noopener noreferrer\">Relat\u00f3rio de Monitoramento de Implementa\u00e7\u00e3o da LAI 2016<\/a><\/li>\n<\/ul>\n<p>&nbsp;<\/p>\n","protected":false},"excerpt":{"rendered":"<p>Relat\u00f3rios de Monitoramento de Implementa\u00e7\u00e3o da LAI &nbsp; Os relat\u00f3rios a seguir tratam do monitoramento da Funda\u00e7\u00e3o Cearense de Meteorologia e Recursos H\u00eddricos (Funceme) quanto \u00e0 implementa\u00e7\u00e3o e cumprimento da Lei Estadual n\u00ba 15.175\/2012, em conformidade ao disposto no art. 2\u00ba do Decreto n\u00ba 31.199, de 30 de abril de 2013. &nbsp; Relat\u00f3rio de Monitoramento [&hellip;]<\/p>\n","protected":false},"author":4,"featured_media":0,"parent":0,"menu_order":0,"comment_status":"closed","ping_status":"closed","template":"","meta":[],"acf":[],"_links":{"self":[{"href":"http:\/\/www.funceme.br\/index.php?rest_route=\/wp\/v2\/pages\/4082"}],"collection":[{"href":"http:\/\/www.funceme.br\/index.php?rest_route=\/wp\/v2\/pages"}],"about":[{"href":"http:\/\/www.funceme.br\/index.php?rest_route=\/wp\/v2\/types\/page"}],"author":[{"embeddable":true,"href":"http:\/\/www.funceme.br\/index.php?rest_route=\/wp\/v2\/users\/4"}],"replies":[{"embeddable":true,"href":"http:\/\/www.funceme.br\/index.php?rest_route=%2Fwp%2Fv2%2Fcomments&post=4082"}],"version-history":[{"count":15,"href":"http:\/\/www.funceme.br\/index.php?rest_route=\/wp\/v2\/pages\/4082\/revisions"}],"predecessor-version":[{"id":14948,"href":"http:\/\/www.funceme.br\/index.php?rest_route=\/wp\/v2\/pages\/4082\/revisions\/14948"}],"wp:attachment":[{"href":"http:\/\/www.funceme.br\/index.php?rest_route=%2Fwp%2Fv2%2Fmedia&parent=4082"}],"curies":[{"name":"wp","href":"https:\/\/api.w.org\/{rel}","templated":true}]}}