{"id":4261,"date":"2019-04-08T11:01:54","date_gmt":"2019-04-08T14:01:54","guid":{"rendered":"http:\/\/www.funceme.br\/?page_id=4261"},"modified":"2025-06-04T09:15:17","modified_gmt":"2025-06-04T12:15:17","slug":"contatos","status":"publish","type":"page","link":"http:\/\/www.funceme.br\/?page_id=4261","title":{"rendered":"Contatos"},"content":{"rendered":"<h2><span style=\"color: #fc6836;\"><strong>PRESID\u00caNCIA<\/strong><\/span><\/h2>\n<p>&nbsp;<\/p>\n<ul class=\"ListaEst\">\n<li><a> PRESID\u00caNCIA <small>3125.8276<\/small> <\/a><\/li>\n<li><a> ASSESSORIA JUR\u00cdDICA <small>3125.8273 | 3125.8272 <\/small> <\/a><\/li>\n<li><a> ASSESSORIA DE DESENVOLVIMENTO INSTITUCIONAL E PLANEJAMENTO <small> 3125.8264 | 3125.8263<\/small> <\/a><\/li>\n<li><a> ASSESSORIA DE COMUNICA\u00c7\u00c3O <small>3125.8255<\/small><\/a><\/li>\n<\/ul>\n<h2><span style=\"color: #fc6836;\"><strong>DIRETORIA T\u00c9CNICA<\/strong><\/span><\/h2>\n<p>&nbsp;<\/p>\n<ul class=\"ListaEst\">\n<li><a> DIRETORIA T\u00c9CNICA <small> 3125.8274<\/small> <\/a><\/li>\n<li><a> GER\u00caNCIA DE METEOROLOGIA <small> 3125.8257 <\/small> <\/a>\n<li><a> PREVIS\u00c3O DO TEMPO <small> 3125.8256<\/small> <\/a><\/li>\n<li><a> N\u00daCLEO DE MONITORAMENTO <small> 3125.8262<\/small> <\/a><\/li>\n<li><a> PROJETO PIRATA <small>3125.8277<\/small> <\/a><\/li>\n<li><a> GER\u00caNCIA DE PESQUISAS E ESTUDOS B\u00c1SICOS EM RECURSOS H\u00cdDRICOS <small>3125.8265<\/small> <\/a><\/li>\n<li><a> GER\u00caNCIA DE PESQUISAS E ESTUDOS B\u00c1SICOS EM MEIO AMBIENTE <small>3125.8269<\/small> <\/a><\/li>\n<li><a> N\u00daCLEO DE ESTUDOS B\u00c1SICOS <small>3125.8268<\/small> <\/a><\/li>\n<li><a> GER\u00caNCIA DE TECNOLOGIA DA INFORMA\u00c7\u00c3O E COMUNICA\u00c7\u00c3O <small>3125.8248<\/small> <\/a><\/li>\n<li><a> UNIDADE DE SUPORTE DE TECNOLOGIA DA INFORMA\u00c7\u00c3O E COMUNICA\u00c7\u00c3O <small> 3125.8249<\/small><\/a><\/li>\n<\/ul>\n<h2><span style=\"color: #fc6836;\"><strong>DIRETORIA ADMINISTRATIVO-FINANCEIRA<\/strong><\/span><\/h2>\n<p>&nbsp;<\/p>\n<ul class=\"ListaEst\">\n<li><a> DIRETORIA ADMINISTRATIVO-FINANCEIRA <small>3125.8271<\/small> <\/a><\/li>\n<li><a> GER\u00caNCIA DE GEST\u00c3O FINANCEIRA <small>3125.8251<\/small> <\/a><\/li>\n<li><a> N\u00daCLEO DE CONTABILIDADE <small>3125.8250<\/small> <\/a><\/li>\n<li><a> GER\u00caNCIA DE GEST\u00c3O DE PESSOAS <small>3125.8253<\/small> <\/a><\/li>\n<li><a> N\u00daCLEO DE REGISTROS FUNCIONAIS <small>3125.8254<\/small> <\/a><\/li>\n<\/ul>\n","protected":false},"excerpt":{"rendered":"<p>PRESID\u00caNCIA &nbsp; PRESID\u00caNCIA 3125.8276 ASSESSORIA JUR\u00cdDICA 3125.8273 | 3125.8272 ASSESSORIA DE DESENVOLVIMENTO INSTITUCIONAL E PLANEJAMENTO 3125.8264 | 3125.8263 ASSESSORIA DE COMUNICA\u00c7\u00c3O 3125.8255 DIRETORIA T\u00c9CNICA &nbsp; DIRETORIA T\u00c9CNICA 3125.8274 GER\u00caNCIA DE METEOROLOGIA 3125.8257 PREVIS\u00c3O DO TEMPO 3125.8256 N\u00daCLEO DE MONITORAMENTO 3125.8262 PROJETO PIRATA 3125.8277 GER\u00caNCIA DE PESQUISAS E ESTUDOS B\u00c1SICOS EM RECURSOS H\u00cdDRICOS 3125.8265 GER\u00caNCIA DE [&hellip;]<\/p>\n","protected":false},"author":4,"featured_media":0,"parent":374,"menu_order":8,"comment_status":"closed","ping_status":"closed","template":"pagina-lista-filhas.php","meta":[],"acf":[],"_links":{"self":[{"href":"http:\/\/www.funceme.br\/index.php?rest_route=\/wp\/v2\/pages\/4261"}],"collection":[{"href":"http:\/\/www.funceme.br\/index.php?rest_route=\/wp\/v2\/pages"}],"about":[{"href":"http:\/\/www.funceme.br\/index.php?rest_route=\/wp\/v2\/types\/page"}],"author":[{"embeddable":true,"href":"http:\/\/www.funceme.br\/index.php?rest_route=\/wp\/v2\/users\/4"}],"replies":[{"embeddable":true,"href":"http:\/\/www.funceme.br\/index.php?rest_route=%2Fwp%2Fv2%2Fcomments&post=4261"}],"version-history":[{"count":36,"href":"http:\/\/www.funceme.br\/index.php?rest_route=\/wp\/v2\/pages\/4261\/revisions"}],"predecessor-version":[{"id":14197,"href":"http:\/\/www.funceme.br\/index.php?rest_route=\/wp\/v2\/pages\/4261\/revisions\/14197"}],"up":[{"embeddable":true,"href":"http:\/\/www.funceme.br\/index.php?rest_route=\/wp\/v2\/pages\/374"}],"wp:attachment":[{"href":"http:\/\/www.funceme.br\/index.php?rest_route=%2Fwp%2Fv2%2Fmedia&parent=4261"}],"curies":[{"name":"wp","href":"https:\/\/api.w.org\/{rel}","templated":true}]}}