{"id":6058,"date":"2019-12-10T11:28:04","date_gmt":"2019-12-10T14:28:04","guid":{"rendered":"http:\/\/www.funceme.br\/?page_id=6058"},"modified":"2026-02-23T16:22:15","modified_gmt":"2026-02-23T19:22:15","slug":"relatorios-anuais-ouvidoria","status":"publish","type":"page","link":"http:\/\/www.funceme.br\/?page_id=6058","title":{"rendered":"RELAT\u00d3RIOS ANUAIS &#8211; OUVIDORIA"},"content":{"rendered":"<ul class=\"ListaEst -Verde\">\n<li><a>RELAT\u00d3RIOS GERENCIAIS <\/a><\/li>\n<\/ul>\n<p>&nbsp;<\/p>\n<h4><span style=\"color: #fc6836;\"><strong>RELAT\u00d3RIOS ANUAIS<\/strong><\/span><\/h4>\n<p style=\"text-align: justify;\">Em conformidade com o Decreto Estadual n\u00ba 33.485\/2020 (Regulamente o Sistema Estadual de Ouvidoria do Poder Executivo Estadual); Portaria\/CGE n\u00ba 052\/2020 (Estabelece Procedimentos e Crit\u00e9rios para o Tratamento e Encaminhamento das Den\u00fancias de Ouvidoria); Instru\u00e7\u00e3o Normativa n\u00ba 01\/2020 (Estabelece Normas para Observ\u00e2ncia \u00e0s Atribui\u00e7\u00f5es do Ouvidor Setorial); Lei Nacional n\u00ba 13.460\/2017 (C\u00f3digo de Defesa do Usu\u00e1rio do Servi\u00e7o P\u00fablico), as Ouvidorias Setoriais do Poder Executivo Estadual apresentam relat\u00f3rios abordando um panorama geral dos resultados das suas atividades no \u00e2mbito do Sistema Estadual de Ouvidoria.<\/p>\n<p>&nbsp;<\/p>\n<p style=\"text-align: justify;\">Funcionando como instrumento de gest\u00e3o, as ouvidorias apresentam sugest\u00f5es e recomenda\u00e7\u00f5es, contribuindo para uma gest\u00e3o \u00e9tica e transparente e para oferta dos servi\u00e7os p\u00fablicos com qualidade, como forma de retroalimentar o processo de gest\u00e3o e decis\u00e3o governamental.<\/p>\n<p>&nbsp;<\/p>\n<p style=\"text-align: justify;\">O documento funciona como uma forma de medidor de qualidade das pr\u00f3prias setoriais que disponibilizam o servi\u00e7o no Estado, uma vez que s\u00e3o apresentadas informa\u00e7\u00f5es ligadas a satisfa\u00e7\u00e3o do cidad\u00e3o, m\u00e9dia de tempo de resposta e tamb\u00e9m \u00edndice de qualidade de resposta. Outra informa\u00e7\u00e3o importante no relat\u00f3rio s\u00e3o as recomenda\u00e7\u00f5es feitas pela CGE para a melhoria do servi\u00e7o nas setoriais.<\/p>\n<p>&nbsp;<\/p>\n<p><a style=\"color: #f7683b;\" href=\"http:\/\/www.funceme.br\/wp-content\/uploads\/2026\/02\/Relatorio_Ouvidoria_Funceme_2025-1.pdf\" target=\"_blank\" rel=\"noopener noreferrer\"><img decoding=\"async\" style=\"margin: 0px;\" src=\"http:\/\/www.funceme.br\/wp-content\/themes\/ceara2021\/assets\/images\/icon-pdf.png\" \/> RELAT\u00d3RIO OUVIDORIA FUNCEME 2025<\/a><\/p>\n<p><a style=\"color: #f7683b;\" href=\"http:\/\/www.funceme.br\/wp-content\/uploads\/2025\/02\/Relatorio_Ouvidoria_Funceme_2024.pdf\" target=\"_blank\" rel=\"noopener noreferrer\"><img decoding=\"async\" style=\"margin: 0px;\" src=\"http:\/\/www.funceme.br\/wp-content\/themes\/ceara2021\/assets\/images\/icon-pdf.png\" \/> RELAT\u00d3RIO OUVIDORIA FUNCEME 2024<\/a><\/p>\n<p><a style=\"color: #f7683b;\" href=\"http:\/\/www.funceme.br\/wp-content\/uploads\/2024\/02\/Relatorio_Ouvidoria_Funceme_2023.pdf\" target=\"_blank\" rel=\"noopener noreferrer\"><img decoding=\"async\" style=\"margin: 0px;\" src=\"http:\/\/www.funceme.br\/wp-content\/themes\/ceara2021\/assets\/images\/icon-pdf.png\" \/> RELAT\u00d3RIO OUVIDORIA FUNCEME 2023<\/a><\/p>\n<p><a style=\"color: #f7683b;\" href=\"http:\/\/www.funceme.br\/wp-content\/uploads\/2023\/03\/Relatorio_Ouvidoria_Funceme_2022-1.pdf\" target=\"_blank\" rel=\"noopener noreferrer\"><img decoding=\"async\" style=\"margin: 0px;\" src=\"http:\/\/www.funceme.br\/wp-content\/themes\/ceara2021\/assets\/images\/icon-pdf.png\" \/> RELAT\u00d3RIO OUVIDORIA FUNCEME 2022<\/a><\/p>\n<p><a style=\"color: #f7683b;\" href=\"http:\/\/www.funceme.br\/wp-content\/uploads\/2022\/02\/Relat%C3%B3rio-de-Gest%C3%A3o-de-Ouvidoria-2021_Funceme.pdf\" target=\"_blank\" rel=\"noopener noreferrer\"><img decoding=\"async\" style=\"margin: 0px;\" src=\"http:\/\/www.funceme.br\/wp-content\/themes\/ceara2021\/assets\/images\/icon-pdf.png\" \/> RELAT\u00d3RIO OUVIDORIA FUNCEME 2021<\/a><\/p>\n<p><a style=\"color: #f7683b;\" href=\"http:\/\/www.funceme.br\/wp-content\/uploads\/2021\/02\/Relat\u00f3rio-de-Ouvidoria-FUNCEME_2020.pdf\" target=\"_blank\" rel=\"noopener noreferrer\"><img decoding=\"async\" style=\"margin: 0px;\" src=\"http:\/\/www.funceme.br\/wp-content\/themes\/ceara2021\/assets\/images\/icon-pdf.png\" \/> RELAT\u00d3RIO OUVIDORIA FUNCEME 2020<\/a><\/p>\n<p><a style=\"color: #f7683b;\" href=\"http:\/\/www.funceme.br\/wp-content\/uploads\/2020\/03\/Relat\u00f3rio_Ouvidoria_Funceme_2019.pdf\" target=\"_blank\" rel=\"noopener noreferrer\"><img decoding=\"async\" style=\"margin: 0px;\" src=\"http:\/\/www.funceme.br\/wp-content\/themes\/ceara2021\/assets\/images\/icon-pdf.png\" \/> RELAT\u00d3RIO OUVIDORIA FUNCEME 2019<\/a><\/p>\n<p><a style=\"color: #f7683b;\" href=\"http:\/\/www.funceme.br\/wp-content\/uploads\/2019\/10\/Relatorio_Ouvidoria_Funceme_2018.pdf\" target=\"_blank\" rel=\"noopener noreferrer\"><img decoding=\"async\" style=\"margin: 0px;\" src=\"http:\/\/www.funceme.br\/wp-content\/themes\/ceara2021\/assets\/images\/icon-pdf.png\" \/> RELAT\u00d3RIO OUVIDORIA FUNCEME 2018<\/a><\/p>\n<p><a style=\"color: #f7683b;\" href=\"http:\/\/www.funceme.br\/wp-content\/uploads\/2019\/10\/Relatorio_Ouvidoria_Funceme_2017.pdf\" target=\"_blank\" rel=\"noopener noreferrer\"><img decoding=\"async\" style=\"margin: 0px;\" src=\"http:\/\/www.funceme.br\/wp-content\/themes\/ceara2021\/assets\/images\/icon-pdf.png\" \/> RELAT\u00d3RIO OUVIDORIA FUNCEME 2017<\/a><\/p>\n<p><a style=\"color: #f7683b;\" href=\"http:\/\/www.funceme.br\/wp-content\/uploads\/2019\/10\/Relatorio_Ouvidoria_Funceme_2016.pdf\" target=\"_blank\" rel=\"noopener noreferrer\"><img decoding=\"async\" style=\"margin: 0px;\" src=\"http:\/\/www.funceme.br\/wp-content\/themes\/ceara2021\/assets\/images\/icon-pdf.png\" \/> RELAT\u00d3RIO OUVIDORIA FUNCEME 2016<\/a><\/p>\n<p><a style=\"color: #f7683b;\" href=\"http:\/\/www.funceme.br\/wp-content\/uploads\/2019\/10\/Relatorio_Ouvidoria_Funceme_2015.pdf\" target=\"_blank\" rel=\"noopener noreferrer\"><img decoding=\"async\" style=\"margin: 0px;\" src=\"http:\/\/www.funceme.br\/wp-content\/themes\/ceara2021\/assets\/images\/icon-pdf.png\" \/> RELAT\u00d3RIO OUVIDORIA FUNCEME 2015<\/a><\/p>\n","protected":false},"excerpt":{"rendered":"<p>RELAT\u00d3RIOS GERENCIAIS &nbsp; RELAT\u00d3RIOS ANUAIS Em conformidade com o Decreto Estadual n\u00ba 33.485\/2020 (Regulamente o Sistema Estadual de Ouvidoria do Poder Executivo Estadual); Portaria\/CGE n\u00ba 052\/2020 (Estabelece Procedimentos e Crit\u00e9rios para o Tratamento e Encaminhamento das Den\u00fancias de Ouvidoria); Instru\u00e7\u00e3o Normativa n\u00ba 01\/2020 (Estabelece Normas para Observ\u00e2ncia \u00e0s Atribui\u00e7\u00f5es do Ouvidor Setorial); Lei Nacional n\u00ba [&hellip;]<\/p>\n","protected":false},"author":4,"featured_media":0,"parent":0,"menu_order":0,"comment_status":"closed","ping_status":"closed","template":"","meta":[],"acf":[],"_links":{"self":[{"href":"http:\/\/www.funceme.br\/index.php?rest_route=\/wp\/v2\/pages\/6058"}],"collection":[{"href":"http:\/\/www.funceme.br\/index.php?rest_route=\/wp\/v2\/pages"}],"about":[{"href":"http:\/\/www.funceme.br\/index.php?rest_route=\/wp\/v2\/types\/page"}],"author":[{"embeddable":true,"href":"http:\/\/www.funceme.br\/index.php?rest_route=\/wp\/v2\/users\/4"}],"replies":[{"embeddable":true,"href":"http:\/\/www.funceme.br\/index.php?rest_route=%2Fwp%2Fv2%2Fcomments&post=6058"}],"version-history":[{"count":20,"href":"http:\/\/www.funceme.br\/index.php?rest_route=\/wp\/v2\/pages\/6058\/revisions"}],"predecessor-version":[{"id":14783,"href":"http:\/\/www.funceme.br\/index.php?rest_route=\/wp\/v2\/pages\/6058\/revisions\/14783"}],"wp:attachment":[{"href":"http:\/\/www.funceme.br\/index.php?rest_route=%2Fwp%2Fv2%2Fmedia&parent=6058"}],"curies":[{"name":"wp","href":"https:\/\/api.w.org\/{rel}","templated":true}]}}