{"id":8135,"date":"2020-09-17T09:50:54","date_gmt":"2020-09-17T12:50:54","guid":{"rendered":"http:\/\/www.funceme.br\/?page_id=8135"},"modified":"2026-01-19T13:46:51","modified_gmt":"2026-01-19T16:46:51","slug":"pesquisa-de-satisfacao","status":"publish","type":"page","link":"http:\/\/www.funceme.br\/?page_id=8135","title":{"rendered":"Pesquisa de Satisfa\u00e7\u00e3o"},"content":{"rendered":"<h2><span style=\"color: #fc6836;\"><strong>Pesquisa de Satisfa\u00e7\u00e3o<\/strong><\/span><\/h2>\n<p>Com o objetivo de monitorar o processo de melhoria cont\u00ednua e de prevenir poss\u00edveis n\u00e3o conformidades no \u00e2mbito do Sistema de Gest\u00e3o da Qualidade, previsto na norma ABNT NBR ISO 9001:2015, a Funda\u00e7\u00e3o Cearense de Meteorologia e Recursos H\u00eddricos (Funceme) realiza pesquisa de satisfa\u00e7\u00e3o junto aos usu\u00e1rios dos servi\u00e7os e produtos do \u00f3rg\u00e3o.<br \/>\n&nbsp;<\/p>\n<ul class=\"ListaDecorada\">\n<li><a href=\"http:\/\/www.funceme.br\/wp-content\/uploads\/2026\/01\/Resultado-da-Pesquisa-de-Satisfacao-de-2025.pdf\" target=\"_blank\" rel=\"noopener noreferrer\">Resultado Pesquisa de Satisfa\u00e7\u00e3o 2025<\/a><\/li>\n<li><a href=\"http:\/\/www.funceme.br\/wp-content\/uploads\/2025\/03\/Resultado-da-Pesquisa-de-Satisfacao-de-2024.pdf\" target=\"_blank\" rel=\"noopener noreferrer\">Resultado Pesquisa de Satisfa\u00e7\u00e3o 2024<\/a><\/li>\n<li><a href=\"http:\/\/www.funceme.br\/wp-content\/uploads\/2025\/03\/Resultado-da-Pesquisa-de-Satisfacao-de-2023.v2.pdf\" target=\"_blank\" rel=\"noopener noreferrer\">Resultado Pesquisa de Satisfa\u00e7\u00e3o 2023<\/a><\/li>\n<li><a href=\"http:\/\/www.funceme.br\/wp-content\/uploads\/2023\/12\/Resultado-da-Pesquisa-de-Satisfa%C3%A7%C3%A3o-de-2022.pdf\" target=\"_blank\" rel=\"noopener noreferrer\">Resultado Pesquisa de Satisfa\u00e7\u00e3o 2022<\/a><\/li>\n<li><a href=\"http:\/\/www.funceme.br\/wp-content\/uploads\/2020\/10\/RELAT\u00d3RIO-DE-AVALIA\u00c7\u00c3O-REALIZADA-PELOS-RESPONS\u00c1VEIS-DAS-VISITAS-SOLICITADAS-\u00c0-FUNCEME-2019-CONSOLIDADO.pdf\" target=\"_blank\" rel=\"noopener noreferrer\">Resultado Pesquisa de Satisfa\u00e7\u00e3o 2019<\/a><\/li>\n<\/ul>\n","protected":false},"excerpt":{"rendered":"<p>Pesquisa de Satisfa\u00e7\u00e3o Com o objetivo de monitorar o processo de melhoria cont\u00ednua e de prevenir poss\u00edveis n\u00e3o conformidades no \u00e2mbito do Sistema de Gest\u00e3o da Qualidade, previsto na norma ABNT NBR ISO 9001:2015, a Funda\u00e7\u00e3o Cearense de Meteorologia e Recursos H\u00eddricos (Funceme) realiza pesquisa de satisfa\u00e7\u00e3o junto aos usu\u00e1rios dos servi\u00e7os e produtos do [&hellip;]<\/p>\n","protected":false},"author":4,"featured_media":0,"parent":0,"menu_order":0,"comment_status":"closed","ping_status":"closed","template":"","meta":[],"acf":[],"_links":{"self":[{"href":"http:\/\/www.funceme.br\/index.php?rest_route=\/wp\/v2\/pages\/8135"}],"collection":[{"href":"http:\/\/www.funceme.br\/index.php?rest_route=\/wp\/v2\/pages"}],"about":[{"href":"http:\/\/www.funceme.br\/index.php?rest_route=\/wp\/v2\/types\/page"}],"author":[{"embeddable":true,"href":"http:\/\/www.funceme.br\/index.php?rest_route=\/wp\/v2\/users\/4"}],"replies":[{"embeddable":true,"href":"http:\/\/www.funceme.br\/index.php?rest_route=%2Fwp%2Fv2%2Fcomments&post=8135"}],"version-history":[{"count":43,"href":"http:\/\/www.funceme.br\/index.php?rest_route=\/wp\/v2\/pages\/8135\/revisions"}],"predecessor-version":[{"id":14704,"href":"http:\/\/www.funceme.br\/index.php?rest_route=\/wp\/v2\/pages\/8135\/revisions\/14704"}],"wp:attachment":[{"href":"http:\/\/www.funceme.br\/index.php?rest_route=%2Fwp%2Fv2%2Fmedia&parent=8135"}],"curies":[{"name":"wp","href":"https:\/\/api.w.org\/{rel}","templated":true}]}}