{"id":9603,"date":"2021-09-17T10:31:10","date_gmt":"2021-09-17T13:31:10","guid":{"rendered":"http:\/\/www.funceme.br\/?page_id=9603"},"modified":"2023-12-21T14:59:54","modified_gmt":"2023-12-21T17:59:54","slug":"desempenho","status":"publish","type":"page","link":"http:\/\/www.funceme.br\/?page_id=9603","title":{"rendered":"Indicadores de Desempenho"},"content":{"rendered":"<h2><span style=\"color: #fc6836;\"><strong>INDICADORES DE DESEMPENHO<\/strong><\/span><\/h2>\n<p>&nbsp;<\/p>\n<ul class=\"ListaEst\">\n<li><a href=\"http:\/\/www.funceme.br\/wp-content\/uploads\/2023\/12\/Indicador_Funceme_Ralatorio_Anual_Resultados_Apurados_2022.pdf\"> PLANEJAMENTO ESTRAT\u00c9GICO &#8211; RELAT\u00d3RIO ANUAL DOS RESULTADOS APURADOS RELATIVOS AO ANO DE 2022<\/a><\/li>\n<li><a href=\"http:\/\/www.funceme.br\/wp-content\/uploads\/2023\/12\/Indicador_Funceme_Resultados_Obtidos_Projetos_Estrategicos_2022.pdf\"> PLANEJAMENTO ESTRAT\u00c9GICO &#8211; RESULTADOS OBTIDOS NOS PROJETOS ESTRAT\u00c9GICOS  AO ANO DE 2022<\/a><\/li>\n<li><a href=\"http:\/\/www.funceme.br\/wp-content\/uploads\/2022\/03\/Execu%C3%A7%C3%A3o_Fisica_Entregas-_Funceme_2021.png\"> EXECU\u00c7\u00c3O F\u00cdSICA DAS ENTREGAS DE 2021<\/a><\/li>\n<li><a href=\"http:\/\/www.funceme.br\/wp-content\/uploads\/2022\/03\/Indicador_Funceme_2021.png\"> INDICADORES DE 2021<\/a><\/li>\n<li><a href=\"http:\/\/www.funceme.br\/wp-content\/uploads\/2021\/09\/RGD-2020-FUNCEME-VERS\u00c3O-FINAL-REVISADO.pdf\"> RELAT\u00d3RIO DE DESEMPENHO DE GEST\u00c3O 2020<\/a><\/li>\n<li><a href=\"http:\/\/www.funceme.br\/wp-content\/uploads\/2022\/03\/Planejamento_Estratregico_Indicador_Resultado_2020_FUNCEME.xls\"> PLANEJAMENTO ESTRAT\u00c9GICO &#8211; INDICADORES 2020<\/a><\/li>\n<\/ul>\n<\/li>\n<\/ul>\n","protected":false},"excerpt":{"rendered":"<p>INDICADORES DE DESEMPENHO &nbsp; PLANEJAMENTO ESTRAT\u00c9GICO &#8211; RELAT\u00d3RIO ANUAL DOS RESULTADOS APURADOS RELATIVOS AO ANO DE 2022 PLANEJAMENTO ESTRAT\u00c9GICO &#8211; RESULTADOS OBTIDOS NOS PROJETOS ESTRAT\u00c9GICOS AO ANO DE 2022 EXECU\u00c7\u00c3O F\u00cdSICA DAS ENTREGAS DE 2021 INDICADORES DE 2021 RELAT\u00d3RIO DE DESEMPENHO DE GEST\u00c3O 2020 PLANEJAMENTO ESTRAT\u00c9GICO &#8211; INDICADORES 2020<\/p>\n","protected":false},"author":4,"featured_media":0,"parent":374,"menu_order":9,"comment_status":"closed","ping_status":"closed","template":"pagina-lista-filhas.php","meta":[],"acf":[],"_links":{"self":[{"href":"http:\/\/www.funceme.br\/index.php?rest_route=\/wp\/v2\/pages\/9603"}],"collection":[{"href":"http:\/\/www.funceme.br\/index.php?rest_route=\/wp\/v2\/pages"}],"about":[{"href":"http:\/\/www.funceme.br\/index.php?rest_route=\/wp\/v2\/types\/page"}],"author":[{"embeddable":true,"href":"http:\/\/www.funceme.br\/index.php?rest_route=\/wp\/v2\/users\/4"}],"replies":[{"embeddable":true,"href":"http:\/\/www.funceme.br\/index.php?rest_route=%2Fwp%2Fv2%2Fcomments&post=9603"}],"version-history":[{"count":13,"href":"http:\/\/www.funceme.br\/index.php?rest_route=\/wp\/v2\/pages\/9603\/revisions"}],"predecessor-version":[{"id":12380,"href":"http:\/\/www.funceme.br\/index.php?rest_route=\/wp\/v2\/pages\/9603\/revisions\/12380"}],"up":[{"embeddable":true,"href":"http:\/\/www.funceme.br\/index.php?rest_route=\/wp\/v2\/pages\/374"}],"wp:attachment":[{"href":"http:\/\/www.funceme.br\/index.php?rest_route=%2Fwp%2Fv2%2Fmedia&parent=9603"}],"curies":[{"name":"wp","href":"https:\/\/api.w.org\/{rel}","templated":true}]}}